{"id":11701,"date":"2026-04-05T15:17:11","date_gmt":"2026-04-05T13:17:11","guid":{"rendered":"https:\/\/www.breesnewworld.nl\/?post_type=product&#038;p=11701"},"modified":"2026-04-05T15:34:27","modified_gmt":"2026-04-05T13:34:27","slug":"cloudy-banktafel-fenix-bloom","status":"publish","type":"product","link":"https:\/\/www.breesnewworld.nl\/da\/samling\/salontafels-en-bijzettafels\/cloudy-banktafel-fenix-bloom\/","title":{"rendered":"Cloudy banktafel FenixNTM Bloom\u00ae"},"content":{"rendered":"","protected":false},"excerpt":{"rendered":"Efter Cloudy sofaborde og sideborde er Cloudy sofabordet ogs\u00e5 blevet tilf\u00f8jet til Bree&#039;s New World kollektionen. Den organiske bordplade sv\u00e6ver p\u00e5 en metalramme med frivinger, der subtilt kan skubbes hen over sofaen. Bordpladens legende, organiske form passer perfekt til den anden Cloudy <a href=\"https:\/\/www.breesnewworld.nl\/da\/samling\/salontafels-en-bijzettafels\/uklar-hpl-plastik\/\">sofaborde<\/a>, sideborde og <a href=\"https:\/\/www.breesnewworld.nl\/da\/samling\/eettafels\/cloudy-eettafel\/\">spisebord<\/a>. De Fenix Bloom kleuren zijn speciaal toegevoegd aan de collectie voor de liefhebbers van een kleurrijke woonkamer.\r\n\r\nOntwerper: Peter Schreuder Goedheijt.","protected":false},"featured_media":11697,"template":"","meta":{"_acf_changed":false},"product_brand":[],"product_cat":[77,105],"product_tag":[],"class_list":{"0":"post-11701","1":"product","2":"type-product","3":"status-publish","4":"has-post-thumbnail","6":"product_cat-salontafels-en-bijzettafels","7":"product_cat-tafel-bij-bank","9":"first","10":"instock","11":"taxable","12":"shipping-taxable","13":"product-type-simple"},"exclude_global_add_ons":[],"addons":[],"acf":[],"yoast_head":null,"yoast_head_json":null,"_links":{"self":[{"href":"https:\/\/www.breesnewworld.nl\/da\/wp-json\/wp\/v2\/product\/11701","targetHints":{"allow":["GET"]}}],"collection":[{"href":"https:\/\/www.breesnewworld.nl\/da\/wp-json\/wp\/v2\/product"}],"about":[{"href":"https:\/\/www.breesnewworld.nl\/da\/wp-json\/wp\/v2\/types\/product"}],"wp:featuredmedia":[{"embeddable":true,"href":"https:\/\/www.breesnewworld.nl\/da\/wp-json\/wp\/v2\/media\/11697"}],"wp:attachment":[{"href":"https:\/\/www.breesnewworld.nl\/da\/wp-json\/wp\/v2\/media?parent=11701"}],"wp:term":[{"taxonomy":"product_brand","embeddable":true,"href":"https:\/\/www.breesnewworld.nl\/da\/wp-json\/wp\/v2\/product_brand?post=11701"},{"taxonomy":"product_cat","embeddable":true,"href":"https:\/\/www.breesnewworld.nl\/da\/wp-json\/wp\/v2\/product_cat?post=11701"},{"taxonomy":"product_tag","embeddable":true,"href":"https:\/\/www.breesnewworld.nl\/da\/wp-json\/wp\/v2\/product_tag?post=11701"}],"curies":[{"name":"wp","href":"https:\/\/api.w.org\/{rel}","templated":true}]}}