{"id":11702,"date":"2026-04-05T15:20:53","date_gmt":"2026-04-05T13:20:53","guid":{"rendered":"https:\/\/www.breesnewworld.nl\/?post_type=product&#038;p=11702"},"modified":"2026-04-05T15:33:56","modified_gmt":"2026-04-05T13:33:56","slug":"cloudy-top-salontafels-fenix-bloom","status":"publish","type":"product","link":"https:\/\/www.breesnewworld.nl\/da\/samling\/salontafels-en-bijzettafels\/cloudy-top-salontafels-fenix-bloom\/","title":{"rendered":"Cloudy Top salontafels FenixNTM Bloom\u00ae"},"content":{"rendered":"","protected":false},"excerpt":{"rendered":"Efter introduktionen af Cloudy sofaborde er &#039;familien&#039; af Cloudy sofaborde og sideborde nu blevet ret omfattende, ligesom Twinny&#039;ens. Med Cloudy Top sofabordene f\u00e5r du et s\u00f8dt sofabordss\u00e6t, der ikke fylder for meget. Kunne pladsen foran din sofa bruge noget mere polstring? Cloudy Top er ogs\u00e5 meget velegnet til at h\u00e6nge over en af de <a href=\"https:\/\/www.breesnewworld.nl\/da\/samling\/salontafels-en-bijzettafels\/uklar-hpl-plastik\/\">Overskyede sofaborde<\/a> te schuiven. Daarnaast kunt u de Cloudy Top ook prima als losse bijzettafel laten fungeren, bijvoorbeeld naast een fauteuil. In de Fenix Bloomkleuren sluiten de Cloudy Top salontafels bovendien perfect aan bij de kleurrijke woonkamer. Ontwerper: Peter Schreuder Goedheijt.","protected":false},"featured_media":11696,"template":"","meta":{"_acf_changed":false},"product_brand":[],"product_cat":[77,105],"product_tag":[],"class_list":{"0":"post-11702","1":"product","2":"type-product","3":"status-publish","4":"has-post-thumbnail","6":"product_cat-salontafels-en-bijzettafels","7":"product_cat-tafel-bij-bank","9":"first","10":"instock","11":"taxable","12":"shipping-taxable","13":"product-type-simple"},"exclude_global_add_ons":[],"addons":[],"acf":[],"yoast_head":null,"yoast_head_json":null,"_links":{"self":[{"href":"https:\/\/www.breesnewworld.nl\/da\/wp-json\/wp\/v2\/product\/11702","targetHints":{"allow":["GET"]}}],"collection":[{"href":"https:\/\/www.breesnewworld.nl\/da\/wp-json\/wp\/v2\/product"}],"about":[{"href":"https:\/\/www.breesnewworld.nl\/da\/wp-json\/wp\/v2\/types\/product"}],"wp:featuredmedia":[{"embeddable":true,"href":"https:\/\/www.breesnewworld.nl\/da\/wp-json\/wp\/v2\/media\/11696"}],"wp:attachment":[{"href":"https:\/\/www.breesnewworld.nl\/da\/wp-json\/wp\/v2\/media?parent=11702"}],"wp:term":[{"taxonomy":"product_brand","embeddable":true,"href":"https:\/\/www.breesnewworld.nl\/da\/wp-json\/wp\/v2\/product_brand?post=11702"},{"taxonomy":"product_cat","embeddable":true,"href":"https:\/\/www.breesnewworld.nl\/da\/wp-json\/wp\/v2\/product_cat?post=11702"},{"taxonomy":"product_tag","embeddable":true,"href":"https:\/\/www.breesnewworld.nl\/da\/wp-json\/wp\/v2\/product_tag?post=11702"}],"curies":[{"name":"wp","href":"https:\/\/api.w.org\/{rel}","templated":true}]}}