{"id":11703,"date":"2026-04-05T15:37:43","date_gmt":"2026-04-05T13:37:43","guid":{"rendered":"https:\/\/www.breesnewworld.nl\/?post_type=product&#038;p=11703"},"modified":"2026-04-05T15:50:10","modified_gmt":"2026-04-05T13:50:10","slug":"twinny-salontafels-combineren","status":"publish","type":"product","link":"https:\/\/www.breesnewworld.nl\/da\/samling\/salontafels-en-bijzettafels\/twinny-salontafels-combineren\/","title":{"rendered":"Twinny salontafels &#8211; Combinaties"},"content":{"rendered":"","protected":false},"excerpt":{"rendered":"De Twinny salontafels van Bree&#8217;s New World kenmerken zich door hun organische design en veelzijdigheid. Dankzij de ruime keuze aan moderne materialen stel je moeiteloos een Twinny salontafelset samen die perfect aansluit bij jouw interieurstijl. Combineer erop los met HPL, Fenix, houtfineer, massief hout of het sterke en elegante Ceramistone.\r\nOf je nu houdt van Japandi, Scandinavisch, modern of landelijk, of juist kiest voor een uitgesproken en kleurrijk interieur\u2014alles is mogelijk. Naast hun speelse uitstraling zijn ze ook bijzonder praktisch: stabiel, kindvriendelijk en eenvoudig te verplaatsen.\r\n\r\nDe salontafels Twinny hebben net als de eetkamertafel <a href=\"https:\/\/www.breesnewworld.nl\/da\/samling\/eettafels\/stal-aeg-formet-spisebord\/\">Steely<\/a> en organisk, fuldst\u00e6ndig asymmetrisk top og kan derfor kombineres meget godt med dette designede spisebord. Twinny&#039;s f\u00e5s ikke kun som et s\u00e6t, men ogs\u00e5 som et separat sofabord. Efter introduktionen af kaffebordss\u00e6ttet i 2018 er &#039;The Twinny-familien&#039; nu udvidet betydeligt, b\u00e5de hvad ang\u00e5r materialer og bordtyper. Bree&#039;s New World-samling indeholder nu ogs\u00e5 et s\u00e6t <a href=\"https:\/\/www.breesnewworld.nl\/da\/samling\/salontafels-en-bijzettafels\/twinny-top-sofabord\/\">sideborde<\/a>, <a href=\"https:\/\/www.breesnewworld.nl\/da\/samling\/salontafels-en-bijzettafels\/twinny-sofabord\/\">b\u00e6nk bord<\/a>, <a href=\"https:\/\/www.breesnewworld.nl\/da\/samling\/salontafels-en-bijzettafels\/twinny-top-sofabord\/\">XL sofabord<\/a> med magasinstativ, <a href=\"https:\/\/www.breesnewworld.nl\/da\/samling\/salontafels-en-bijzettafels\/twinny-skrivebord\/\">skrivebord bord<\/a> og et mindre, h\u00f8jere sofabord Twinny (<a href=\"https:\/\/www.breesnewworld.nl\/da\/salontafels-en-bijzettafels\/\">Twinny Top<\/a>). Designer: Peter Schreuder Goedheijt.\r\n\r\n&nbsp;","protected":false},"featured_media":11689,"template":"","meta":{"_acf_changed":false},"product_brand":[],"product_cat":[77,105],"product_tag":[],"class_list":{"0":"post-11703","1":"product","2":"type-product","3":"status-publish","4":"has-post-thumbnail","6":"product_cat-salontafels-en-bijzettafels","7":"product_cat-tafel-bij-bank","9":"first","10":"instock","11":"taxable","12":"shipping-taxable","13":"product-type-simple"},"exclude_global_add_ons":[],"addons":[],"acf":[],"yoast_head":null,"yoast_head_json":null,"_links":{"self":[{"href":"https:\/\/www.breesnewworld.nl\/da\/wp-json\/wp\/v2\/product\/11703","targetHints":{"allow":["GET"]}}],"collection":[{"href":"https:\/\/www.breesnewworld.nl\/da\/wp-json\/wp\/v2\/product"}],"about":[{"href":"https:\/\/www.breesnewworld.nl\/da\/wp-json\/wp\/v2\/types\/product"}],"wp:featuredmedia":[{"embeddable":true,"href":"https:\/\/www.breesnewworld.nl\/da\/wp-json\/wp\/v2\/media\/11689"}],"wp:attachment":[{"href":"https:\/\/www.breesnewworld.nl\/da\/wp-json\/wp\/v2\/media?parent=11703"}],"wp:term":[{"taxonomy":"product_brand","embeddable":true,"href":"https:\/\/www.breesnewworld.nl\/da\/wp-json\/wp\/v2\/product_brand?post=11703"},{"taxonomy":"product_cat","embeddable":true,"href":"https:\/\/www.breesnewworld.nl\/da\/wp-json\/wp\/v2\/product_cat?post=11703"},{"taxonomy":"product_tag","embeddable":true,"href":"https:\/\/www.breesnewworld.nl\/da\/wp-json\/wp\/v2\/product_tag?post=11703"}],"curies":[{"name":"wp","href":"https:\/\/api.w.org\/{rel}","templated":true}]}}