{"id":7308,"date":"2020-06-19T12:52:57","date_gmt":"2020-06-19T10:52:57","guid":{"rendered":"https:\/\/www.breesnewworld.nl\/?post_type=product&#038;p=7308"},"modified":"2025-11-22T14:49:35","modified_gmt":"2025-11-22T13:49:35","slug":"stol-ace-ii","status":"publish","type":"product","link":"https:\/\/www.breesnewworld.nl\/da\/samling\/eetkamerstoelen\/stol-ace-ii\/","title":{"rendered":"Spisestuestol Ace II-FA \/ Ace II-GA"},"content":{"rendered":"","protected":false},"excerpt":{"rendered":"Ace II-FA\/GA spisebordsstolen er en luftig, moderne spisebordsstol med et industrielt look. Det minimalistiske medestel og den slanke skal sikrer, at denne spisebordsstol ikke er for tung, men stadig giver fremragende siddekomfort. Ace II-FA\/GA f\u00e5s ogs\u00e5 uden arml\u00e6n.\r\n\r\n&nbsp;","protected":false},"featured_media":7313,"template":"","meta":{"_acf_changed":false},"product_brand":[],"product_cat":[64],"product_tag":[],"class_list":{"0":"post-7308","1":"product","2":"type-product","3":"status-publish","4":"has-post-thumbnail","6":"product_cat-eetkamerstoelen","8":"first","9":"instock","10":"taxable","11":"shipping-taxable","12":"product-type-simple"},"exclude_global_add_ons":[],"addons":[],"acf":[],"yoast_head":null,"yoast_head_json":null,"_links":{"self":[{"href":"https:\/\/www.breesnewworld.nl\/da\/wp-json\/wp\/v2\/product\/7308","targetHints":{"allow":["GET"]}}],"collection":[{"href":"https:\/\/www.breesnewworld.nl\/da\/wp-json\/wp\/v2\/product"}],"about":[{"href":"https:\/\/www.breesnewworld.nl\/da\/wp-json\/wp\/v2\/types\/product"}],"wp:featuredmedia":[{"embeddable":true,"href":"https:\/\/www.breesnewworld.nl\/da\/wp-json\/wp\/v2\/media\/7313"}],"wp:attachment":[{"href":"https:\/\/www.breesnewworld.nl\/da\/wp-json\/wp\/v2\/media?parent=7308"}],"wp:term":[{"taxonomy":"product_brand","embeddable":true,"href":"https:\/\/www.breesnewworld.nl\/da\/wp-json\/wp\/v2\/product_brand?post=7308"},{"taxonomy":"product_cat","embeddable":true,"href":"https:\/\/www.breesnewworld.nl\/da\/wp-json\/wp\/v2\/product_cat?post=7308"},{"taxonomy":"product_tag","embeddable":true,"href":"https:\/\/www.breesnewworld.nl\/da\/wp-json\/wp\/v2\/product_tag?post=7308"}],"curies":[{"name":"wp","href":"https:\/\/api.w.org\/{rel}","templated":true}]}}