{"id":7821,"date":"2020-07-13T15:06:43","date_gmt":"2020-07-13T13:06:43","guid":{"rendered":"https:\/\/www.breesnewworld.nl\/?post_type=product&#038;p=7821"},"modified":"2025-11-22T15:07:08","modified_gmt":"2025-11-22T14:07:08","slug":"sommerfugl-arm-ben","status":"publish","type":"product","link":"https:\/\/www.breesnewworld.nl\/da\/samling\/eetkamerstoelen\/sommerfugl-arm-ben\/","title":{"rendered":"Butterfly spisebordsstol arml\u00e6n \u2013 ben"},"content":{"rendered":"","protected":false},"excerpt":{"rendered":"Butterfly er en luksuri\u00f8s, drejelig spisestol med en behagelig, bred cockpit, der kan bruges med eller <a href=\"https:\/\/www.breesnewworld.nl\/da\/samling\/eetkamer-stoelen\/sommerfugleben\/\">uden arml\u00e6n<\/a> kan udf\u00f8res. Butterfly ser blandt andet meget elegant ud p\u00e5 et rundt eller ovalt spisebord takket v\u00e6re sine runde konturer. Ud over varianten med drejelig ramme f\u00e5s denne spisestolstol ogs\u00e5 med faste ben eller en <a href=\"https:\/\/www.breesnewworld.nl\/da\/samling\/eetkamer-stoelen\/sommerfuglearmsvogn\/\">sl\u00e6deramme<\/a>.","protected":false},"featured_media":9998,"template":"","meta":{"_acf_changed":false},"product_brand":[],"product_cat":[64],"product_tag":[],"class_list":{"0":"post-7821","1":"product","2":"type-product","3":"status-publish","4":"has-post-thumbnail","6":"product_cat-eetkamerstoelen","8":"first","9":"instock","10":"taxable","11":"shipping-taxable","12":"product-type-simple"},"exclude_global_add_ons":[],"addons":[],"acf":[],"yoast_head":null,"yoast_head_json":null,"_links":{"self":[{"href":"https:\/\/www.breesnewworld.nl\/da\/wp-json\/wp\/v2\/product\/7821","targetHints":{"allow":["GET"]}}],"collection":[{"href":"https:\/\/www.breesnewworld.nl\/da\/wp-json\/wp\/v2\/product"}],"about":[{"href":"https:\/\/www.breesnewworld.nl\/da\/wp-json\/wp\/v2\/types\/product"}],"wp:featuredmedia":[{"embeddable":true,"href":"https:\/\/www.breesnewworld.nl\/da\/wp-json\/wp\/v2\/media\/9998"}],"wp:attachment":[{"href":"https:\/\/www.breesnewworld.nl\/da\/wp-json\/wp\/v2\/media?parent=7821"}],"wp:term":[{"taxonomy":"product_brand","embeddable":true,"href":"https:\/\/www.breesnewworld.nl\/da\/wp-json\/wp\/v2\/product_brand?post=7821"},{"taxonomy":"product_cat","embeddable":true,"href":"https:\/\/www.breesnewworld.nl\/da\/wp-json\/wp\/v2\/product_cat?post=7821"},{"taxonomy":"product_tag","embeddable":true,"href":"https:\/\/www.breesnewworld.nl\/da\/wp-json\/wp\/v2\/product_tag?post=7821"}],"curies":[{"name":"wp","href":"https:\/\/api.w.org\/{rel}","templated":true}]}}