{"id":7837,"date":"2020-07-13T15:20:07","date_gmt":"2020-07-13T13:20:07","guid":{"rendered":"https:\/\/www.breesnewworld.nl\/?post_type=product&#038;p=7837"},"modified":"2025-11-22T15:08:41","modified_gmt":"2025-11-22T14:08:41","slug":"sommerfuglearmsvogn","status":"publish","type":"product","link":"https:\/\/www.breesnewworld.nl\/da\/samling\/eetkamerstoelen\/sommerfuglearmsvogn\/","title":{"rendered":"Butterfly Arm Spisestol \u2013 Sledge"},"content":{"rendered":"","protected":false},"excerpt":{"rendered":"Butterfly er en luksuri\u00f8s (dreje-) spisestuestol med en komfortabel, bred skal, der kan bruges med begge dele <a href=\"https:\/\/www.breesnewworld.nl\/da\/samling\/eetkamer-stoelen\/sommerfuglevogn\/\">uden arml\u00e6n<\/a> kan udf\u00f8res. Butterfly ser blandt andet meget elegant ud p\u00e5 et rundt eller ovalt spisebord takket v\u00e6re sine runde konturer. Ud over varianten p\u00e5 en udkragningsramme er denne spisestol ogs\u00e5 tilg\u00e6ngelig p\u00e5 <a href=\"https:\/\/www.breesnewworld.nl\/da\/samling\/eetkamer-stoelen\/sommerfugl-arm-ben\/\">ben<\/a> med et boblebad.","protected":false},"featured_media":7838,"template":"","meta":{"_acf_changed":false},"product_brand":[],"product_cat":[64],"product_tag":[],"class_list":{"0":"post-7837","1":"product","2":"type-product","3":"status-publish","4":"has-post-thumbnail","6":"product_cat-eetkamerstoelen","8":"first","9":"instock","10":"taxable","11":"shipping-taxable","12":"product-type-simple"},"exclude_global_add_ons":[],"addons":[],"acf":[],"yoast_head":null,"yoast_head_json":null,"_links":{"self":[{"href":"https:\/\/www.breesnewworld.nl\/da\/wp-json\/wp\/v2\/product\/7837","targetHints":{"allow":["GET"]}}],"collection":[{"href":"https:\/\/www.breesnewworld.nl\/da\/wp-json\/wp\/v2\/product"}],"about":[{"href":"https:\/\/www.breesnewworld.nl\/da\/wp-json\/wp\/v2\/types\/product"}],"wp:featuredmedia":[{"embeddable":true,"href":"https:\/\/www.breesnewworld.nl\/da\/wp-json\/wp\/v2\/media\/7838"}],"wp:attachment":[{"href":"https:\/\/www.breesnewworld.nl\/da\/wp-json\/wp\/v2\/media?parent=7837"}],"wp:term":[{"taxonomy":"product_brand","embeddable":true,"href":"https:\/\/www.breesnewworld.nl\/da\/wp-json\/wp\/v2\/product_brand?post=7837"},{"taxonomy":"product_cat","embeddable":true,"href":"https:\/\/www.breesnewworld.nl\/da\/wp-json\/wp\/v2\/product_cat?post=7837"},{"taxonomy":"product_tag","embeddable":true,"href":"https:\/\/www.breesnewworld.nl\/da\/wp-json\/wp\/v2\/product_tag?post=7837"}],"curies":[{"name":"wp","href":"https:\/\/api.w.org\/{rel}","templated":true}]}}