{"id":7852,"date":"2020-07-13T15:44:09","date_gmt":"2020-07-13T13:44:09","guid":{"rendered":"https:\/\/www.breesnewworld.nl\/?post_type=product&#038;p=7852"},"modified":"2025-09-25T21:33:15","modified_gmt":"2025-09-25T19:33:15","slug":"byarm","status":"publish","type":"product","link":"https:\/\/www.breesnewworld.nl\/da\/samling\/eetkamerstoelen\/byarm\/","title":{"rendered":"Spisestol Byarm"},"content":{"rendered":"","protected":false},"excerpt":{"rendered":"Byens spisestuestol, en luftig designstol med en industriel karakter. Med en minimalistisk ramme i metal-udkragning, der vikles rundt om de bl\u00f8de s\u00e6dedele som en funktionel st\u00f8tte. Konstruktionen g\u00f8r endel\u00f8se variationer i stof og l\u00e6der ikke kun muligt, men endda \u00f8nskeligt. City-spisestolen f\u00e5s med og <a href=\"https:\/\/www.breesnewworld.nl\/da\/samling\/eetkamer-stoelen\/by\/\">uden arml\u00e6n<\/a> ledig.","protected":false},"featured_media":7857,"template":"","meta":{"_acf_changed":false},"product_brand":[],"product_cat":[64],"product_tag":[],"class_list":{"0":"post-7852","1":"product","2":"type-product","3":"status-publish","4":"has-post-thumbnail","6":"product_cat-eetkamerstoelen","8":"first","9":"instock","10":"taxable","11":"shipping-taxable","12":"product-type-simple"},"exclude_global_add_ons":[],"addons":[],"acf":[],"yoast_head":null,"yoast_head_json":null,"_links":{"self":[{"href":"https:\/\/www.breesnewworld.nl\/da\/wp-json\/wp\/v2\/product\/7852","targetHints":{"allow":["GET"]}}],"collection":[{"href":"https:\/\/www.breesnewworld.nl\/da\/wp-json\/wp\/v2\/product"}],"about":[{"href":"https:\/\/www.breesnewworld.nl\/da\/wp-json\/wp\/v2\/types\/product"}],"wp:featuredmedia":[{"embeddable":true,"href":"https:\/\/www.breesnewworld.nl\/da\/wp-json\/wp\/v2\/media\/7857"}],"wp:attachment":[{"href":"https:\/\/www.breesnewworld.nl\/da\/wp-json\/wp\/v2\/media?parent=7852"}],"wp:term":[{"taxonomy":"product_brand","embeddable":true,"href":"https:\/\/www.breesnewworld.nl\/da\/wp-json\/wp\/v2\/product_brand?post=7852"},{"taxonomy":"product_cat","embeddable":true,"href":"https:\/\/www.breesnewworld.nl\/da\/wp-json\/wp\/v2\/product_cat?post=7852"},{"taxonomy":"product_tag","embeddable":true,"href":"https:\/\/www.breesnewworld.nl\/da\/wp-json\/wp\/v2\/product_tag?post=7852"}],"curies":[{"name":"wp","href":"https:\/\/api.w.org\/{rel}","templated":true}]}}