{"id":7875,"date":"2020-07-13T16:12:25","date_gmt":"2020-07-13T14:12:25","guid":{"rendered":"https:\/\/www.breesnewworld.nl\/?post_type=product&#038;p=7875"},"modified":"2025-09-25T21:43:32","modified_gmt":"2025-09-25T19:43:32","slug":"flyvearm","status":"publish","type":"product","link":"https:\/\/www.breesnewworld.nl\/da\/samling\/eetkamerstoelen\/flyvearm\/","title":{"rendered":"Spisestol Fly arm"},"content":{"rendered":"","protected":false},"excerpt":{"rendered":"Udformningen af spisestolen Fly er kendetegnet ved den st\u00e6rke, grafiske linje p\u00e5 bagbenet. Det springer frem som et rovdyr og er ogs\u00e5 en del af ryggen. Komforten ved denne spisestol skyldes i h\u00f8j grad ryggen, der omfatter og underst\u00f8tter rygkurven. P\u00e5 denne m\u00e5de bliver den st\u00e6rke form ogs\u00e5 en del af stolens funktion. Med Fly l\u00e6nestolen skabes en elegant detalje, fordi den flydende form p\u00e5 arml\u00e6nets bagside er elegant parallel med siden af ryggen. Spisestuestolen Fly f\u00e5s ogs\u00e5 i versionen med arml\u00e6n <a href=\"https:\/\/www.breesnewworld.nl\/da\/samling\/eetkamer-stoelen\/svingarm-hjul\/\">hjul<\/a>.","protected":false},"featured_media":7879,"template":"","meta":{"_acf_changed":false},"product_brand":[],"product_cat":[64],"product_tag":[],"class_list":{"0":"post-7875","1":"product","2":"type-product","3":"status-publish","4":"has-post-thumbnail","6":"product_cat-eetkamerstoelen","8":"first","9":"instock","10":"taxable","11":"shipping-taxable","12":"product-type-simple"},"exclude_global_add_ons":[],"addons":[],"acf":[],"yoast_head":null,"yoast_head_json":null,"_links":{"self":[{"href":"https:\/\/www.breesnewworld.nl\/da\/wp-json\/wp\/v2\/product\/7875","targetHints":{"allow":["GET"]}}],"collection":[{"href":"https:\/\/www.breesnewworld.nl\/da\/wp-json\/wp\/v2\/product"}],"about":[{"href":"https:\/\/www.breesnewworld.nl\/da\/wp-json\/wp\/v2\/types\/product"}],"wp:featuredmedia":[{"embeddable":true,"href":"https:\/\/www.breesnewworld.nl\/da\/wp-json\/wp\/v2\/media\/7879"}],"wp:attachment":[{"href":"https:\/\/www.breesnewworld.nl\/da\/wp-json\/wp\/v2\/media?parent=7875"}],"wp:term":[{"taxonomy":"product_brand","embeddable":true,"href":"https:\/\/www.breesnewworld.nl\/da\/wp-json\/wp\/v2\/product_brand?post=7875"},{"taxonomy":"product_cat","embeddable":true,"href":"https:\/\/www.breesnewworld.nl\/da\/wp-json\/wp\/v2\/product_cat?post=7875"},{"taxonomy":"product_tag","embeddable":true,"href":"https:\/\/www.breesnewworld.nl\/da\/wp-json\/wp\/v2\/product_tag?post=7875"}],"curies":[{"name":"wp","href":"https:\/\/api.w.org\/{rel}","templated":true}]}}