{"id":7914,"date":"2020-07-13T16:41:10","date_gmt":"2020-07-13T14:41:10","guid":{"rendered":"https:\/\/www.breesnewworld.nl\/?post_type=product&#038;p=7914"},"modified":"2025-09-25T21:48:05","modified_gmt":"2025-09-25T19:48:05","slug":"invitere-pote","status":"publish","type":"product","link":"https:\/\/www.breesnewworld.nl\/da\/samling\/eetkamerstoelen\/invitere-pote\/","title":{"rendered":"Spisestol Invito - ben"},"content":{"rendered":"","protected":false},"excerpt":{"rendered":"Indbydende og behagelige er de ord, der matcher designet af Invito l\u00e6nestolen. Det velpolstrede s\u00e6de i kombination med den ergonomisk formede ryg giver et vidunderligt, aktivt s\u00e6de, hvor du kan nyde lange aftener. Spisestolen Invito f\u00e5s p\u00e5 h\u00e6tte, hjul,\u00a0<a href=\"https:\/\/www.breesnewworld.nl\/da\/samling\/eetkamer-stoelen\/invitere-slaede\/\">sl\u00e6deramme<\/a>\u00a0eller <a href=\"https:\/\/www.breesnewworld.nl\/da\/eetkamerstoelen\/\">freischwinger ramme<\/a>.","protected":false},"featured_media":7915,"template":"","meta":{"_acf_changed":false},"product_brand":[],"product_cat":[64],"product_tag":[],"class_list":{"0":"post-7914","1":"product","2":"type-product","3":"status-publish","4":"has-post-thumbnail","6":"product_cat-eetkamerstoelen","8":"first","9":"instock","10":"taxable","11":"shipping-taxable","12":"product-type-simple"},"exclude_global_add_ons":[],"addons":[],"acf":[],"yoast_head":null,"yoast_head_json":null,"_links":{"self":[{"href":"https:\/\/www.breesnewworld.nl\/da\/wp-json\/wp\/v2\/product\/7914","targetHints":{"allow":["GET"]}}],"collection":[{"href":"https:\/\/www.breesnewworld.nl\/da\/wp-json\/wp\/v2\/product"}],"about":[{"href":"https:\/\/www.breesnewworld.nl\/da\/wp-json\/wp\/v2\/types\/product"}],"wp:featuredmedia":[{"embeddable":true,"href":"https:\/\/www.breesnewworld.nl\/da\/wp-json\/wp\/v2\/media\/7915"}],"wp:attachment":[{"href":"https:\/\/www.breesnewworld.nl\/da\/wp-json\/wp\/v2\/media?parent=7914"}],"wp:term":[{"taxonomy":"product_brand","embeddable":true,"href":"https:\/\/www.breesnewworld.nl\/da\/wp-json\/wp\/v2\/product_brand?post=7914"},{"taxonomy":"product_cat","embeddable":true,"href":"https:\/\/www.breesnewworld.nl\/da\/wp-json\/wp\/v2\/product_cat?post=7914"},{"taxonomy":"product_tag","embeddable":true,"href":"https:\/\/www.breesnewworld.nl\/da\/wp-json\/wp\/v2\/product_tag?post=7914"}],"curies":[{"name":"wp","href":"https:\/\/api.w.org\/{rel}","templated":true}]}}