{"id":7934,"date":"2020-07-13T16:54:29","date_gmt":"2020-07-13T14:54:29","guid":{"rendered":"https:\/\/www.breesnewworld.nl\/?post_type=product&#038;p=7934"},"modified":"2025-09-26T15:58:08","modified_gmt":"2025-09-26T13:58:08","slug":"bezel-sort-ramme","status":"publish","type":"product","link":"https:\/\/www.breesnewworld.nl\/da\/samling\/eetkamerstoelen\/bezel-sort-ramme\/","title":{"rendered":"Spisestuestol Lunette - sort ramme"},"content":{"rendered":"","protected":false},"excerpt":{"rendered":"Lunetten fra Bree&#039;s New World eller Luna spisestuestol med polstrede arml\u00e6n. Med hensyn til siddekomfort og udseende er det netop det <a href=\"https:\/\/www.breesnewworld.nl\/da\/samling\/eetkamer-stoelen\/luna-sort-ramme\/\">Luna<\/a>, kun metalrammen foran p\u00e5 s\u00e6det forts\u00e6tter opad for at skabe arml\u00e6n. Lunetten kombineres derfor ofte med Luna, for eksempel n\u00e5r det er sv\u00e6rt at afg\u00f8re derhjemme, om spisestuestole med eller uden arml\u00e6n skal v\u00e6lges. S\u00e5 begge dele!","protected":false},"featured_media":7936,"template":"","meta":{"_acf_changed":false},"product_brand":[],"product_cat":[64],"product_tag":[],"class_list":{"0":"post-7934","1":"product","2":"type-product","3":"status-publish","4":"has-post-thumbnail","6":"product_cat-eetkamerstoelen","8":"first","9":"instock","10":"taxable","11":"shipping-taxable","12":"product-type-simple"},"exclude_global_add_ons":[],"addons":[],"acf":[],"yoast_head":null,"yoast_head_json":null,"_links":{"self":[{"href":"https:\/\/www.breesnewworld.nl\/da\/wp-json\/wp\/v2\/product\/7934","targetHints":{"allow":["GET"]}}],"collection":[{"href":"https:\/\/www.breesnewworld.nl\/da\/wp-json\/wp\/v2\/product"}],"about":[{"href":"https:\/\/www.breesnewworld.nl\/da\/wp-json\/wp\/v2\/types\/product"}],"wp:featuredmedia":[{"embeddable":true,"href":"https:\/\/www.breesnewworld.nl\/da\/wp-json\/wp\/v2\/media\/7936"}],"wp:attachment":[{"href":"https:\/\/www.breesnewworld.nl\/da\/wp-json\/wp\/v2\/media?parent=7934"}],"wp:term":[{"taxonomy":"product_brand","embeddable":true,"href":"https:\/\/www.breesnewworld.nl\/da\/wp-json\/wp\/v2\/product_brand?post=7934"},{"taxonomy":"product_cat","embeddable":true,"href":"https:\/\/www.breesnewworld.nl\/da\/wp-json\/wp\/v2\/product_cat?post=7934"},{"taxonomy":"product_tag","embeddable":true,"href":"https:\/\/www.breesnewworld.nl\/da\/wp-json\/wp\/v2\/product_tag?post=7934"}],"curies":[{"name":"wp","href":"https:\/\/api.w.org\/{rel}","templated":true}]}}