{"id":7939,"date":"2020-07-13T17:00:04","date_gmt":"2020-07-13T15:00:04","guid":{"rendered":"https:\/\/www.breesnewworld.nl\/?post_type=product&#038;p=7939"},"modified":"2025-09-26T17:25:03","modified_gmt":"2025-09-26T15:25:03","slug":"panache-arm","status":"publish","type":"product","link":"https:\/\/www.breesnewworld.nl\/da\/samling\/eetkamerstoelen\/panache-arm\/","title":{"rendered":"Spisestol Panache Arm"},"content":{"rendered":"","protected":false},"excerpt":{"rendered":"Designprocessen for Panache Arm spisestuestolen startede med tanken: Hvilken slags spisestuestol ville jeg gerne sidde p\u00e5 en hel aften? Og hvad betyder det for komforten, proportioner og skum i s\u00e6det og ryggen p\u00e5 s\u00e5dan en spisestuestol? Og skal vi stadig tilf\u00f8je funktioner til stolen? Designer Hans Daalder foretr\u00e6kker at beskrive resultatet som en luksuri\u00f8s l\u00e6nestol i spisestuen, hvor den valgfrie drejefunktion yderligere \u00f8ger fleksibiliteten og komforten. Med Panache-armen kan drikkevarer efter middagen vare l\u00e6nge! Spisestue l\u00e6nestol Panache Arm er b\u00e5de med og <a href=\"https:\/\/www.breesnewworld.nl\/da\/samling\/eetkamer-stoelen\/panache\/\">uden arml\u00e6n<\/a> skal udf\u00f8res.","protected":false},"featured_media":11087,"template":"","meta":{"_acf_changed":false},"product_brand":[],"product_cat":[104,64],"product_tag":[],"class_list":{"0":"post-7939","1":"product","2":"type-product","3":"status-publish","4":"has-post-thumbnail","6":"product_cat-draaibare-eetkamerstoelen","7":"product_cat-eetkamerstoelen","9":"first","10":"instock","11":"taxable","12":"shipping-taxable","13":"product-type-simple"},"exclude_global_add_ons":[],"addons":[],"acf":[],"yoast_head":null,"yoast_head_json":null,"_links":{"self":[{"href":"https:\/\/www.breesnewworld.nl\/da\/wp-json\/wp\/v2\/product\/7939","targetHints":{"allow":["GET"]}}],"collection":[{"href":"https:\/\/www.breesnewworld.nl\/da\/wp-json\/wp\/v2\/product"}],"about":[{"href":"https:\/\/www.breesnewworld.nl\/da\/wp-json\/wp\/v2\/types\/product"}],"wp:featuredmedia":[{"embeddable":true,"href":"https:\/\/www.breesnewworld.nl\/da\/wp-json\/wp\/v2\/media\/11087"}],"wp:attachment":[{"href":"https:\/\/www.breesnewworld.nl\/da\/wp-json\/wp\/v2\/media?parent=7939"}],"wp:term":[{"taxonomy":"product_brand","embeddable":true,"href":"https:\/\/www.breesnewworld.nl\/da\/wp-json\/wp\/v2\/product_brand?post=7939"},{"taxonomy":"product_cat","embeddable":true,"href":"https:\/\/www.breesnewworld.nl\/da\/wp-json\/wp\/v2\/product_cat?post=7939"},{"taxonomy":"product_tag","embeddable":true,"href":"https:\/\/www.breesnewworld.nl\/da\/wp-json\/wp\/v2\/product_tag?post=7939"}],"curies":[{"name":"wp","href":"https:\/\/api.w.org\/{rel}","templated":true}]}}