{"id":7953,"date":"2020-07-13T17:25:44","date_gmt":"2020-07-13T15:25:44","guid":{"rendered":"https:\/\/www.breesnewworld.nl\/?post_type=product&#038;p=7953"},"modified":"2025-09-25T21:36:33","modified_gmt":"2025-09-25T19:36:33","slug":"tulipan-arm","status":"publish","type":"product","link":"https:\/\/www.breesnewworld.nl\/da\/samling\/eetkamerstoelen\/tulipan-arm\/","title":{"rendered":"Spisestolstol Tulipan arm"},"content":{"rendered":"","protected":false},"excerpt":{"rendered":"Navnet siger alt: denne &#039;Tulipan&#039; f\u00f8lger og underst\u00f8tter din krop perfekt med sine glatte linjer. Tulipan Arm spisestuestol tilbyder et niveau af komfort, som du ikke forventer af en s\u00e5dan minimalistisk stol. P\u00e5 denne m\u00e5de sidder du perfekt, og du holder din spisestue stadig luftig. Det anbefales at v\u00e6lge Tulipan-rygl\u00e6net i en lys kontrastfarve sammenlignet med s\u00e6det. S\u00e5 med Tulipan spisestuestole har du altid blomster derhjemme! Tulipan Arm f\u00e5s ogs\u00e5 uden arml\u00e6n som f.eks <a href=\"https:\/\/www.breesnewworld.nl\/da\/samling\/eetkamer-stoelen\/tulipan\/\">Tulipan<\/a>.","protected":false},"featured_media":7954,"template":"","meta":{"_acf_changed":false},"product_brand":[],"product_cat":[64],"product_tag":[],"class_list":{"0":"post-7953","1":"product","2":"type-product","3":"status-publish","4":"has-post-thumbnail","6":"product_cat-eetkamerstoelen","8":"first","9":"instock","10":"taxable","11":"shipping-taxable","12":"product-type-simple"},"exclude_global_add_ons":[],"addons":[],"acf":[],"yoast_head":null,"yoast_head_json":null,"_links":{"self":[{"href":"https:\/\/www.breesnewworld.nl\/da\/wp-json\/wp\/v2\/product\/7953","targetHints":{"allow":["GET"]}}],"collection":[{"href":"https:\/\/www.breesnewworld.nl\/da\/wp-json\/wp\/v2\/product"}],"about":[{"href":"https:\/\/www.breesnewworld.nl\/da\/wp-json\/wp\/v2\/types\/product"}],"wp:featuredmedia":[{"embeddable":true,"href":"https:\/\/www.breesnewworld.nl\/da\/wp-json\/wp\/v2\/media\/7954"}],"wp:attachment":[{"href":"https:\/\/www.breesnewworld.nl\/da\/wp-json\/wp\/v2\/media?parent=7953"}],"wp:term":[{"taxonomy":"product_brand","embeddable":true,"href":"https:\/\/www.breesnewworld.nl\/da\/wp-json\/wp\/v2\/product_brand?post=7953"},{"taxonomy":"product_cat","embeddable":true,"href":"https:\/\/www.breesnewworld.nl\/da\/wp-json\/wp\/v2\/product_cat?post=7953"},{"taxonomy":"product_tag","embeddable":true,"href":"https:\/\/www.breesnewworld.nl\/da\/wp-json\/wp\/v2\/product_tag?post=7953"}],"curies":[{"name":"wp","href":"https:\/\/api.w.org\/{rel}","templated":true}]}}