{"id":7963,"date":"2020-07-14T09:08:57","date_gmt":"2020-07-14T07:08:57","guid":{"rendered":"https:\/\/www.breesnewworld.nl\/?post_type=product&#038;p=7963"},"modified":"2025-08-28T19:51:39","modified_gmt":"2025-08-28T17:51:39","slug":"spisestuestol-ace-ii-f","status":"publish","type":"product","link":"https:\/\/www.breesnewworld.nl\/da\/collectie\/eetkamerstoelen\/eetkamerstoel-ace-ii-f\/","title":{"rendered":"Spisestol Ace II-F"},"content":{"rendered":"","protected":false},"excerpt":{"rendered":"Ace II-F spisestuestol er en luftig, moderne spisestolstol med et industrielt look. Den minimalistiske slederamme og den tynde skal g\u00f8r denne spisestolstol ikke for tung, men giver alligevel fremragende siddekomfort. Ace II-F f\u00e5s ogs\u00e5 med arml\u00e6n som Ace II-FA.","protected":false},"featured_media":7967,"template":"","meta":{"_acf_changed":false},"product_brand":[],"product_cat":[64],"product_tag":[],"class_list":{"0":"post-7963","1":"product","2":"type-product","3":"status-publish","4":"has-post-thumbnail","6":"product_cat-eetkamerstoelen","8":"first","9":"instock","10":"taxable","11":"shipping-taxable","12":"product-type-simple"},"exclude_global_add_ons":[],"addons":[],"acf":[],"yoast_head":null,"yoast_head_json":null,"_links":{"self":[{"href":"https:\/\/www.breesnewworld.nl\/da\/wp-json\/wp\/v2\/product\/7963","targetHints":{"allow":["GET"]}}],"collection":[{"href":"https:\/\/www.breesnewworld.nl\/da\/wp-json\/wp\/v2\/product"}],"about":[{"href":"https:\/\/www.breesnewworld.nl\/da\/wp-json\/wp\/v2\/types\/product"}],"wp:featuredmedia":[{"embeddable":true,"href":"https:\/\/www.breesnewworld.nl\/da\/wp-json\/wp\/v2\/media\/7967"}],"wp:attachment":[{"href":"https:\/\/www.breesnewworld.nl\/da\/wp-json\/wp\/v2\/media?parent=7963"}],"wp:term":[{"taxonomy":"product_brand","embeddable":true,"href":"https:\/\/www.breesnewworld.nl\/da\/wp-json\/wp\/v2\/product_brand?post=7963"},{"taxonomy":"product_cat","embeddable":true,"href":"https:\/\/www.breesnewworld.nl\/da\/wp-json\/wp\/v2\/product_cat?post=7963"},{"taxonomy":"product_tag","embeddable":true,"href":"https:\/\/www.breesnewworld.nl\/da\/wp-json\/wp\/v2\/product_tag?post=7963"}],"curies":[{"name":"wp","href":"https:\/\/api.w.org\/{rel}","templated":true}]}}