{"id":7971,"date":"2020-07-14T09:13:28","date_gmt":"2020-07-14T07:13:28","guid":{"rendered":"https:\/\/www.breesnewworld.nl\/?post_type=product&#038;p=7971"},"modified":"2025-11-22T14:56:16","modified_gmt":"2025-11-22T13:56:16","slug":"sommerfugleben","status":"publish","type":"product","link":"https:\/\/www.breesnewworld.nl\/da\/samling\/eetkamerstoelen\/sommerfugleben\/","title":{"rendered":"Spisestol Butterfly - ben"},"content":{"rendered":"","protected":false},"excerpt":{"rendered":"Butterfly er en luksuri\u00f8s (dreje-) spisestuestol med en komfortabel, bred skal, der kan bruges b\u00e5de uden og <a href=\"https:\/\/www.breesnewworld.nl\/da\/samling\/eetkamer-stoelen\/sommerfugl-arm-ben\/\">med arml\u00e6n<\/a> kan udf\u00f8res. Butterfly ser blandt andet meget elegant ud p\u00e5 et rundt eller ovalt spisebord takket v\u00e6re sine runde konturer. Ud over varianten med drejelig ramme f\u00e5s denne spisestolstol ogs\u00e5 med faste ben eller en <a href=\"https:\/\/www.breesnewworld.nl\/da\/samling\/eetkamer-stoelen\/sommerfuglevogn\/\">sl\u00e6deramme<\/a>.","protected":false},"featured_media":7972,"template":"","meta":{"_acf_changed":false},"product_brand":[],"product_cat":[64],"product_tag":[],"class_list":{"0":"post-7971","1":"product","2":"type-product","3":"status-publish","4":"has-post-thumbnail","6":"product_cat-eetkamerstoelen","8":"first","9":"instock","10":"taxable","11":"shipping-taxable","12":"product-type-simple"},"exclude_global_add_ons":[],"addons":[],"acf":[],"yoast_head":null,"yoast_head_json":null,"_links":{"self":[{"href":"https:\/\/www.breesnewworld.nl\/da\/wp-json\/wp\/v2\/product\/7971","targetHints":{"allow":["GET"]}}],"collection":[{"href":"https:\/\/www.breesnewworld.nl\/da\/wp-json\/wp\/v2\/product"}],"about":[{"href":"https:\/\/www.breesnewworld.nl\/da\/wp-json\/wp\/v2\/types\/product"}],"wp:featuredmedia":[{"embeddable":true,"href":"https:\/\/www.breesnewworld.nl\/da\/wp-json\/wp\/v2\/media\/7972"}],"wp:attachment":[{"href":"https:\/\/www.breesnewworld.nl\/da\/wp-json\/wp\/v2\/media?parent=7971"}],"wp:term":[{"taxonomy":"product_brand","embeddable":true,"href":"https:\/\/www.breesnewworld.nl\/da\/wp-json\/wp\/v2\/product_brand?post=7971"},{"taxonomy":"product_cat","embeddable":true,"href":"https:\/\/www.breesnewworld.nl\/da\/wp-json\/wp\/v2\/product_cat?post=7971"},{"taxonomy":"product_tag","embeddable":true,"href":"https:\/\/www.breesnewworld.nl\/da\/wp-json\/wp\/v2\/product_tag?post=7971"}],"curies":[{"name":"wp","href":"https:\/\/api.w.org\/{rel}","templated":true}]}}