{"id":7975,"date":"2020-07-14T09:16:33","date_gmt":"2020-07-14T07:16:33","guid":{"rendered":"https:\/\/www.breesnewworld.nl\/?post_type=product&#038;p=7975"},"modified":"2025-09-25T21:32:03","modified_gmt":"2025-09-25T19:32:03","slug":"by","status":"publish","type":"product","link":"https:\/\/www.breesnewworld.nl\/da\/samling\/eetkamerstoelen\/by\/","title":{"rendered":"Spisestol City"},"content":{"rendered":"","protected":false},"excerpt":{"rendered":"Byens spisestolstol, en luftig designstol med en industriel karakter. Med en minimalistisk metal udkragningsramme, der vikles rundt om de bl\u00f8de s\u00e6dedele som en funktionel st\u00f8tte. Konstruktionen g\u00f8r endel\u00f8se variationer i stof og l\u00e6der ikke kun mulige, men endda \u00f8nskelige. Byens spisestol er b\u00e5de uden og <a href=\"https:\/\/www.breesnewworld.nl\/da\/samling\/eetkamer-stoelen\/byarm\/\">med arml\u00e6n<\/a> ledig.","protected":false},"featured_media":7981,"template":"","meta":{"_acf_changed":false},"product_brand":[],"product_cat":[64],"product_tag":[],"class_list":{"0":"post-7975","1":"product","2":"type-product","3":"status-publish","4":"has-post-thumbnail","6":"product_cat-eetkamerstoelen","8":"first","9":"instock","10":"taxable","11":"shipping-taxable","12":"product-type-simple"},"exclude_global_add_ons":[],"addons":[],"acf":[],"yoast_head":null,"yoast_head_json":null,"_links":{"self":[{"href":"https:\/\/www.breesnewworld.nl\/da\/wp-json\/wp\/v2\/product\/7975","targetHints":{"allow":["GET"]}}],"collection":[{"href":"https:\/\/www.breesnewworld.nl\/da\/wp-json\/wp\/v2\/product"}],"about":[{"href":"https:\/\/www.breesnewworld.nl\/da\/wp-json\/wp\/v2\/types\/product"}],"wp:featuredmedia":[{"embeddable":true,"href":"https:\/\/www.breesnewworld.nl\/da\/wp-json\/wp\/v2\/media\/7981"}],"wp:attachment":[{"href":"https:\/\/www.breesnewworld.nl\/da\/wp-json\/wp\/v2\/media?parent=7975"}],"wp:term":[{"taxonomy":"product_brand","embeddable":true,"href":"https:\/\/www.breesnewworld.nl\/da\/wp-json\/wp\/v2\/product_brand?post=7975"},{"taxonomy":"product_cat","embeddable":true,"href":"https:\/\/www.breesnewworld.nl\/da\/wp-json\/wp\/v2\/product_cat?post=7975"},{"taxonomy":"product_tag","embeddable":true,"href":"https:\/\/www.breesnewworld.nl\/da\/wp-json\/wp\/v2\/product_tag?post=7975"}],"curies":[{"name":"wp","href":"https:\/\/api.w.org\/{rel}","templated":true}]}}