{"id":8007,"date":"2020-07-14T09:35:54","date_gmt":"2020-07-14T07:35:54","guid":{"rendered":"https:\/\/www.breesnewworld.nl\/?post_type=product&#038;p=8007"},"modified":"2025-09-26T15:56:19","modified_gmt":"2025-09-26T13:56:19","slug":"luna","status":"publish","type":"product","link":"https:\/\/www.breesnewworld.nl\/da\/samling\/eetkamerstoelen\/luna\/","title":{"rendered":"Spisestol Luna"},"content":{"rendered":"","protected":false},"excerpt":{"rendered":"De Luna fra Bree&#039;s New World, en tidl\u00f8s spisestol til den moderne spisestue. Denne spisestolstol modst\u00e5r ubesv\u00e6ret de nyeste m\u00f8beltrends og har v\u00e6ret en del af Bree&#039;s New World-kollektion i mere end et \u00e5rti. Ud over det slanke design modtager Luna en masse ros fra kunderne for sin store siddekomfort. Det tynde, ergonomisk formede cockpit og den let affjedrede udkragningsramme sikrer, at sidde p\u00e5 Luna ikke keder dig let. Luna f\u00e5s ogs\u00e5 med arml\u00e6n som f.eks <a href=\"https:\/\/www.breesnewworld.nl\/da\/samling\/eetkamer-stoelen\/lunette\/\">Lunette<\/a> eller <a href=\"https:\/\/www.breesnewworld.nl\/da\/samling\/eetkamer-stoelen\/luna-arm\/\">Luna Arm<\/a>.","protected":false},"featured_media":8014,"template":"","meta":{"_acf_changed":false},"product_brand":[],"product_cat":[64],"product_tag":[],"class_list":{"0":"post-8007","1":"product","2":"type-product","3":"status-publish","4":"has-post-thumbnail","6":"product_cat-eetkamerstoelen","8":"first","9":"instock","10":"taxable","11":"shipping-taxable","12":"product-type-simple"},"exclude_global_add_ons":[],"addons":[],"acf":[],"yoast_head":null,"yoast_head_json":null,"_links":{"self":[{"href":"https:\/\/www.breesnewworld.nl\/da\/wp-json\/wp\/v2\/product\/8007","targetHints":{"allow":["GET"]}}],"collection":[{"href":"https:\/\/www.breesnewworld.nl\/da\/wp-json\/wp\/v2\/product"}],"about":[{"href":"https:\/\/www.breesnewworld.nl\/da\/wp-json\/wp\/v2\/types\/product"}],"wp:featuredmedia":[{"embeddable":true,"href":"https:\/\/www.breesnewworld.nl\/da\/wp-json\/wp\/v2\/media\/8014"}],"wp:attachment":[{"href":"https:\/\/www.breesnewworld.nl\/da\/wp-json\/wp\/v2\/media?parent=8007"}],"wp:term":[{"taxonomy":"product_brand","embeddable":true,"href":"https:\/\/www.breesnewworld.nl\/da\/wp-json\/wp\/v2\/product_brand?post=8007"},{"taxonomy":"product_cat","embeddable":true,"href":"https:\/\/www.breesnewworld.nl\/da\/wp-json\/wp\/v2\/product_cat?post=8007"},{"taxonomy":"product_tag","embeddable":true,"href":"https:\/\/www.breesnewworld.nl\/da\/wp-json\/wp\/v2\/product_tag?post=8007"}],"curies":[{"name":"wp","href":"https:\/\/api.w.org\/{rel}","templated":true}]}}