{"id":8028,"date":"2020-07-14T09:44:57","date_gmt":"2020-07-14T07:44:57","guid":{"rendered":"https:\/\/www.breesnewworld.nl\/?post_type=product&#038;p=8028"},"modified":"2025-10-03T12:01:05","modified_gmt":"2025-10-03T10:01:05","slug":"luna-barstol-medium","status":"publish","type":"product","link":"https:\/\/www.breesnewworld.nl\/da\/samling\/barkrukken\/luna-barstol-medium\/","title":{"rendered":"Luna barstol - medium"},"content":{"rendered":"","protected":false},"excerpt":{"rendered":"Barstol Luna: en robust industriel barstol p\u00e5 en behagelig, let affjedret udkragningsramme. Takket v\u00e6re de to forskellige h\u00f8jder, hvor den er tilg\u00e6ngelig, kan denne minimalistiske barstol bruges p\u00e5 et barbord, madlavnings\u00f8 eller k\u00f8kkenenhed. Rammen f\u00e5s i rustfrit st\u00e5l eller sort epoxy. Ud over denne barstol er der ogs\u00e5 <a href=\"https:\/\/www.breesnewworld.nl\/da\/samling\/eetkamer-stoelen\/luna\/\">spisestol<\/a> og <a href=\"https:\/\/www.breesnewworld.nl\/da\/samling\/eettafels\/luna-spisebord\/\">spisebord<\/a> Luna.","protected":false},"featured_media":8029,"template":"","meta":{"_acf_changed":false},"product_brand":[],"product_cat":[79],"product_tag":[],"class_list":{"0":"post-8028","1":"product","2":"type-product","3":"status-publish","4":"has-post-thumbnail","6":"product_cat-barkrukken","8":"first","9":"instock","10":"taxable","11":"shipping-taxable","12":"product-type-simple"},"exclude_global_add_ons":[],"addons":[],"acf":[],"yoast_head":null,"yoast_head_json":null,"_links":{"self":[{"href":"https:\/\/www.breesnewworld.nl\/da\/wp-json\/wp\/v2\/product\/8028","targetHints":{"allow":["GET"]}}],"collection":[{"href":"https:\/\/www.breesnewworld.nl\/da\/wp-json\/wp\/v2\/product"}],"about":[{"href":"https:\/\/www.breesnewworld.nl\/da\/wp-json\/wp\/v2\/types\/product"}],"wp:featuredmedia":[{"embeddable":true,"href":"https:\/\/www.breesnewworld.nl\/da\/wp-json\/wp\/v2\/media\/8029"}],"wp:attachment":[{"href":"https:\/\/www.breesnewworld.nl\/da\/wp-json\/wp\/v2\/media?parent=8028"}],"wp:term":[{"taxonomy":"product_brand","embeddable":true,"href":"https:\/\/www.breesnewworld.nl\/da\/wp-json\/wp\/v2\/product_brand?post=8028"},{"taxonomy":"product_cat","embeddable":true,"href":"https:\/\/www.breesnewworld.nl\/da\/wp-json\/wp\/v2\/product_cat?post=8028"},{"taxonomy":"product_tag","embeddable":true,"href":"https:\/\/www.breesnewworld.nl\/da\/wp-json\/wp\/v2\/product_tag?post=8028"}],"curies":[{"name":"wp","href":"https:\/\/api.w.org\/{rel}","templated":true}]}}