{"id":8032,"date":"2020-07-14T09:48:19","date_gmt":"2020-07-14T07:48:19","guid":{"rendered":"https:\/\/www.breesnewworld.nl\/?post_type=product&#038;p=8032"},"modified":"2025-09-26T16:02:00","modified_gmt":"2025-09-26T14:02:00","slug":"opus","status":"publish","type":"product","link":"https:\/\/www.breesnewworld.nl\/da\/samling\/eetkamerstoelen\/opus\/","title":{"rendered":"Spisestol Opus"},"content":{"rendered":"","protected":false},"excerpt":{"rendered":"Opus spisestol og <a href=\"https:\/\/www.breesnewworld.nl\/da\/samling\/banken\/opus-spisestue-sofa\/\">spisestue sofa<\/a> er s\u00e5 tykt polstret, at du let kan sidde p\u00e5 dem om aftenen. I kombination med den robuste udkragningsramme danner Opus spisestuestol et storsl\u00e5et fyr i din spiseplads.","protected":false},"featured_media":8036,"template":"","meta":{"_acf_changed":false},"product_brand":[],"product_cat":[64],"product_tag":[],"class_list":{"0":"post-8032","1":"product","2":"type-product","3":"status-publish","4":"has-post-thumbnail","6":"product_cat-eetkamerstoelen","8":"first","9":"instock","10":"taxable","11":"shipping-taxable","12":"product-type-simple"},"exclude_global_add_ons":[],"addons":[],"acf":[],"yoast_head":null,"yoast_head_json":null,"_links":{"self":[{"href":"https:\/\/www.breesnewworld.nl\/da\/wp-json\/wp\/v2\/product\/8032","targetHints":{"allow":["GET"]}}],"collection":[{"href":"https:\/\/www.breesnewworld.nl\/da\/wp-json\/wp\/v2\/product"}],"about":[{"href":"https:\/\/www.breesnewworld.nl\/da\/wp-json\/wp\/v2\/types\/product"}],"wp:featuredmedia":[{"embeddable":true,"href":"https:\/\/www.breesnewworld.nl\/da\/wp-json\/wp\/v2\/media\/8036"}],"wp:attachment":[{"href":"https:\/\/www.breesnewworld.nl\/da\/wp-json\/wp\/v2\/media?parent=8032"}],"wp:term":[{"taxonomy":"product_brand","embeddable":true,"href":"https:\/\/www.breesnewworld.nl\/da\/wp-json\/wp\/v2\/product_brand?post=8032"},{"taxonomy":"product_cat","embeddable":true,"href":"https:\/\/www.breesnewworld.nl\/da\/wp-json\/wp\/v2\/product_cat?post=8032"},{"taxonomy":"product_tag","embeddable":true,"href":"https:\/\/www.breesnewworld.nl\/da\/wp-json\/wp\/v2\/product_tag?post=8032"}],"curies":[{"name":"wp","href":"https:\/\/api.w.org\/{rel}","templated":true}]}}