{"id":8037,"date":"2020-07-14T09:52:02","date_gmt":"2020-07-14T07:52:02","guid":{"rendered":"https:\/\/www.breesnewworld.nl\/?post_type=product&#038;p=8037"},"modified":"2025-10-03T11:31:55","modified_gmt":"2025-10-03T09:31:55","slug":"panache","status":"publish","type":"product","link":"https:\/\/www.breesnewworld.nl\/da\/samling\/eetkamerstoelen\/panache\/","title":{"rendered":"Spisestol Panache"},"content":{"rendered":"","protected":false},"excerpt":{"rendered":"Designprocessen for Panache spisestuestolen startede med tanken: Hvilken slags spisestuestol ville jeg gerne sidde p\u00e5 en hel aften? Og hvad betyder det for komforten, proportioner og skum i s\u00e6det og ryggen p\u00e5 s\u00e5dan en spisestuestol? Og skal vi stadig tilf\u00f8je funktioner til stolen? Designer Hans Daalder foretr\u00e6kker at beskrive resultatet som en luksuri\u00f8s l\u00e6nestol i spisestuen, hvor den valgfrie drejefunktion yderligere \u00f8ger fleksibiliteten og komforten. Med Panache kan drikkevarer efter middagen vare l\u00e6nge! Spisestue l\u00e6nestol Panache er b\u00e5de uden og <a href=\"https:\/\/www.breesnewworld.nl\/da\/samling\/eetkamer-stoelen\/panache-arm\/\">med arml\u00e6n<\/a> skal udf\u00f8res.","protected":false},"featured_media":8041,"template":"","meta":{"_acf_changed":false},"product_brand":[],"product_cat":[64],"product_tag":[],"class_list":{"0":"post-8037","1":"product","2":"type-product","3":"status-publish","4":"has-post-thumbnail","6":"product_cat-eetkamerstoelen","8":"first","9":"instock","10":"taxable","11":"shipping-taxable","12":"product-type-simple"},"exclude_global_add_ons":[],"addons":[],"acf":[],"yoast_head":null,"yoast_head_json":null,"_links":{"self":[{"href":"https:\/\/www.breesnewworld.nl\/da\/wp-json\/wp\/v2\/product\/8037","targetHints":{"allow":["GET"]}}],"collection":[{"href":"https:\/\/www.breesnewworld.nl\/da\/wp-json\/wp\/v2\/product"}],"about":[{"href":"https:\/\/www.breesnewworld.nl\/da\/wp-json\/wp\/v2\/types\/product"}],"wp:featuredmedia":[{"embeddable":true,"href":"https:\/\/www.breesnewworld.nl\/da\/wp-json\/wp\/v2\/media\/8041"}],"wp:attachment":[{"href":"https:\/\/www.breesnewworld.nl\/da\/wp-json\/wp\/v2\/media?parent=8037"}],"wp:term":[{"taxonomy":"product_brand","embeddable":true,"href":"https:\/\/www.breesnewworld.nl\/da\/wp-json\/wp\/v2\/product_brand?post=8037"},{"taxonomy":"product_cat","embeddable":true,"href":"https:\/\/www.breesnewworld.nl\/da\/wp-json\/wp\/v2\/product_cat?post=8037"},{"taxonomy":"product_tag","embeddable":true,"href":"https:\/\/www.breesnewworld.nl\/da\/wp-json\/wp\/v2\/product_tag?post=8037"}],"curies":[{"name":"wp","href":"https:\/\/api.w.org\/{rel}","templated":true}]}}