{"id":8042,"date":"2020-07-14T09:54:31","date_gmt":"2020-07-14T07:54:31","guid":{"rendered":"https:\/\/www.breesnewworld.nl\/?post_type=product&#038;p=8042"},"modified":"2025-09-26T16:39:52","modified_gmt":"2025-09-26T14:39:52","slug":"rikki-pote","status":"publish","type":"product","link":"https:\/\/www.breesnewworld.nl\/da\/samling\/eetkamerstoelen\/rikki-pote\/","title":{"rendered":"Spisestolstol Rikki - ben"},"content":{"rendered":"","protected":false},"excerpt":{"rendered":"Musik kan ofte v\u00e6re en inspirationskilde til at finde p\u00e5 et navn til en spisestuestol. I 2014 ledte designeren Peter Schreuder Goedheijt efter to i\u00f8refaldende navne til en ny spisestuekombination. Mens han lyttede til sangen &#039;Rikki don&#039;t lose that number&#039; af Steely Dan, vidste han ... Rikki spisestuestolen skiller sig ud takket v\u00e6re sine elegante kurver, der perfekt matcher den \u00e6gformede top af spisebordet <a href=\"https:\/\/www.breesnewworld.nl\/da\/samling\/eettafels\/stal-aeg-formet-spisebord\/\">Steely<\/a>. Kombinationen af Rikki og Steely er ideel til dem, der \u00f8nsker at holde spiseomr\u00e5det lidt kompakt, men stadig i\u00f8jnefaldende. Rikki-spisestuestolen &#039;springer&#039;, n\u00e5r den er polstret i en fed, kontrasterende stof-l\u00e6derkombination. Derudover kan denne lette, kompakte stol nemt placeres ved spisebordet i flere farver. Udover ben kan Rikki spisestuestolen ogs\u00e5 udstyres med en <a href=\"https:\/\/www.breesnewworld.nl\/da\/samling\/eetkamer-stoelen\/rikki-slede\/\">sl\u00e6deramme<\/a>.","protected":false},"featured_media":8046,"template":"","meta":{"_acf_changed":false},"product_brand":[],"product_cat":[64],"product_tag":[],"class_list":{"0":"post-8042","1":"product","2":"type-product","3":"status-publish","4":"has-post-thumbnail","6":"product_cat-eetkamerstoelen","8":"first","9":"instock","10":"taxable","11":"shipping-taxable","12":"product-type-simple"},"exclude_global_add_ons":[],"addons":[],"acf":[],"yoast_head":null,"yoast_head_json":null,"_links":{"self":[{"href":"https:\/\/www.breesnewworld.nl\/da\/wp-json\/wp\/v2\/product\/8042","targetHints":{"allow":["GET"]}}],"collection":[{"href":"https:\/\/www.breesnewworld.nl\/da\/wp-json\/wp\/v2\/product"}],"about":[{"href":"https:\/\/www.breesnewworld.nl\/da\/wp-json\/wp\/v2\/types\/product"}],"wp:featuredmedia":[{"embeddable":true,"href":"https:\/\/www.breesnewworld.nl\/da\/wp-json\/wp\/v2\/media\/8046"}],"wp:attachment":[{"href":"https:\/\/www.breesnewworld.nl\/da\/wp-json\/wp\/v2\/media?parent=8042"}],"wp:term":[{"taxonomy":"product_brand","embeddable":true,"href":"https:\/\/www.breesnewworld.nl\/da\/wp-json\/wp\/v2\/product_brand?post=8042"},{"taxonomy":"product_cat","embeddable":true,"href":"https:\/\/www.breesnewworld.nl\/da\/wp-json\/wp\/v2\/product_cat?post=8042"},{"taxonomy":"product_tag","embeddable":true,"href":"https:\/\/www.breesnewworld.nl\/da\/wp-json\/wp\/v2\/product_tag?post=8042"}],"curies":[{"name":"wp","href":"https:\/\/api.w.org\/{rel}","templated":true}]}}