{"id":8049,"date":"2020-07-14T10:00:16","date_gmt":"2020-07-14T08:00:16","guid":{"rendered":"https:\/\/www.breesnewworld.nl\/?post_type=product&#038;p=8049"},"modified":"2025-09-26T16:58:35","modified_gmt":"2025-09-26T14:58:35","slug":"skive","status":"publish","type":"product","link":"https:\/\/www.breesnewworld.nl\/da\/collectie\/eetkamerstoelen\/slice\/","title":{"rendered":"Spisestol Skive"},"content":{"rendered":"","protected":false},"excerpt":{"rendered":"At bevare essensen, det er form\u00e5let med at designe for Hans Daalder. N\u00e5r du opretter spisestolen Slice, bet\u00f8d dette: raffinering og forenkling, indtil intet mere kan tages v\u00e6k og stadig har en meget behagelig stol. Den runde, kontinuerlige ryg fungerer godt som et arml\u00e6n uden at have volumen. P\u00e5 denne m\u00e5de forbliver designet elegant, attraktivt og let. Spisestuestol Slice har det hele.","protected":false},"featured_media":8056,"template":"","meta":{"_acf_changed":false},"product_brand":[],"product_cat":[64],"product_tag":[],"class_list":{"0":"post-8049","1":"product","2":"type-product","3":"status-publish","4":"has-post-thumbnail","6":"product_cat-eetkamerstoelen","8":"first","9":"instock","10":"taxable","11":"shipping-taxable","12":"product-type-simple"},"exclude_global_add_ons":[],"addons":[],"acf":[],"yoast_head":null,"yoast_head_json":null,"_links":{"self":[{"href":"https:\/\/www.breesnewworld.nl\/da\/wp-json\/wp\/v2\/product\/8049","targetHints":{"allow":["GET"]}}],"collection":[{"href":"https:\/\/www.breesnewworld.nl\/da\/wp-json\/wp\/v2\/product"}],"about":[{"href":"https:\/\/www.breesnewworld.nl\/da\/wp-json\/wp\/v2\/types\/product"}],"wp:featuredmedia":[{"embeddable":true,"href":"https:\/\/www.breesnewworld.nl\/da\/wp-json\/wp\/v2\/media\/8056"}],"wp:attachment":[{"href":"https:\/\/www.breesnewworld.nl\/da\/wp-json\/wp\/v2\/media?parent=8049"}],"wp:term":[{"taxonomy":"product_brand","embeddable":true,"href":"https:\/\/www.breesnewworld.nl\/da\/wp-json\/wp\/v2\/product_brand?post=8049"},{"taxonomy":"product_cat","embeddable":true,"href":"https:\/\/www.breesnewworld.nl\/da\/wp-json\/wp\/v2\/product_cat?post=8049"},{"taxonomy":"product_tag","embeddable":true,"href":"https:\/\/www.breesnewworld.nl\/da\/wp-json\/wp\/v2\/product_tag?post=8049"}],"curies":[{"name":"wp","href":"https:\/\/api.w.org\/{rel}","templated":true}]}}