{"id":8066,"date":"2020-07-14T10:05:46","date_gmt":"2020-07-14T08:05:46","guid":{"rendered":"https:\/\/www.breesnewworld.nl\/?post_type=product&#038;p=8066"},"modified":"2025-10-03T10:54:05","modified_gmt":"2025-10-03T08:54:05","slug":"spin-g","status":"publish","type":"product","link":"https:\/\/www.breesnewworld.nl\/da\/collectie\/eetkamerstoelen\/spin-g\/","title":{"rendered":"Spisestol Spin G"},"content":{"rendered":"","protected":false},"excerpt":{"rendered":"Spin G spisestol afh\u00e6nger ikke af navnet, men hovedsagelig p\u00e5 grund af dets munter udseende. Is\u00e6r n\u00e5r denne lette spisestolstol p\u00e5 tr\u00e6ben er kombineret i flere farver l\u00e6der eller stof, bliver den hurtigt en af trends\u00e6ttere i dit interi\u00f8r. En stof-l\u00e6derkombination er ogs\u00e5 yderst velegnet til Spin G, for eksempel med s\u00e6det i l\u00e6der og ryggen i forskellige, lyse stoffarver. Spin G f\u00e5s ogs\u00e5 med arml\u00e6n som f.eks <a href=\"https:\/\/www.breesnewworld.nl\/da\/samling\/eetkamer-stoelen\/spin-ga\/\">Spider GA<\/a>.","protected":false},"featured_media":8068,"template":"","meta":{"_acf_changed":false},"product_brand":[],"product_cat":[64],"product_tag":[],"class_list":{"0":"post-8066","1":"product","2":"type-product","3":"status-publish","4":"has-post-thumbnail","6":"product_cat-eetkamerstoelen","8":"first","9":"instock","10":"taxable","11":"shipping-taxable","12":"product-type-simple"},"exclude_global_add_ons":[],"addons":[],"acf":[],"yoast_head":null,"yoast_head_json":null,"_links":{"self":[{"href":"https:\/\/www.breesnewworld.nl\/da\/wp-json\/wp\/v2\/product\/8066","targetHints":{"allow":["GET"]}}],"collection":[{"href":"https:\/\/www.breesnewworld.nl\/da\/wp-json\/wp\/v2\/product"}],"about":[{"href":"https:\/\/www.breesnewworld.nl\/da\/wp-json\/wp\/v2\/types\/product"}],"wp:featuredmedia":[{"embeddable":true,"href":"https:\/\/www.breesnewworld.nl\/da\/wp-json\/wp\/v2\/media\/8068"}],"wp:attachment":[{"href":"https:\/\/www.breesnewworld.nl\/da\/wp-json\/wp\/v2\/media?parent=8066"}],"wp:term":[{"taxonomy":"product_brand","embeddable":true,"href":"https:\/\/www.breesnewworld.nl\/da\/wp-json\/wp\/v2\/product_brand?post=8066"},{"taxonomy":"product_cat","embeddable":true,"href":"https:\/\/www.breesnewworld.nl\/da\/wp-json\/wp\/v2\/product_cat?post=8066"},{"taxonomy":"product_tag","embeddable":true,"href":"https:\/\/www.breesnewworld.nl\/da\/wp-json\/wp\/v2\/product_tag?post=8066"}],"curies":[{"name":"wp","href":"https:\/\/api.w.org\/{rel}","templated":true}]}}