{"id":8070,"date":"2020-07-14T10:38:22","date_gmt":"2020-07-14T08:38:22","guid":{"rendered":"https:\/\/www.breesnewworld.nl\/?post_type=product&#038;p=8070"},"modified":"2025-10-03T12:12:50","modified_gmt":"2025-10-03T10:12:50","slug":"spin-l-bar-skammel-hoj","status":"publish","type":"product","link":"https:\/\/www.breesnewworld.nl\/da\/collectie\/barkrukken\/spin-l-barkruk-hoog\/","title":{"rendered":"Spin L - barstol h\u00f8j"},"content":{"rendered":"","protected":false},"excerpt":{"rendered":"Barstol Spin L eller Luna barstol med tr\u00e6ben. Spindestativet af egetr\u00e6 eller valn\u00f8d, som denne barstol ligger p\u00e5, er det samme som for spisestolen <a href=\"https:\/\/www.breesnewworld.nl\/da\/samling\/eetkamer-stoelen\/spin-f\/\">Spider F.<\/a>, hvilket g\u00f8r denne barstol meget flot at kombinere i samme stue. Takket v\u00e6re de to forskellige h\u00f8jder, hvor den er tilg\u00e6ngelig, kan Spin L barstol bruges p\u00e5 et barbord, en madlavnings\u00f8 eller k\u00f8kkenenhed.","protected":false},"featured_media":8073,"template":"","meta":{"_acf_changed":false},"product_brand":[],"product_cat":[79],"product_tag":[],"class_list":{"0":"post-8070","1":"product","2":"type-product","3":"status-publish","4":"has-post-thumbnail","6":"product_cat-barkrukken","8":"first","9":"instock","10":"taxable","11":"shipping-taxable","12":"product-type-simple"},"exclude_global_add_ons":[],"addons":[],"acf":[],"yoast_head":null,"yoast_head_json":null,"_links":{"self":[{"href":"https:\/\/www.breesnewworld.nl\/da\/wp-json\/wp\/v2\/product\/8070","targetHints":{"allow":["GET"]}}],"collection":[{"href":"https:\/\/www.breesnewworld.nl\/da\/wp-json\/wp\/v2\/product"}],"about":[{"href":"https:\/\/www.breesnewworld.nl\/da\/wp-json\/wp\/v2\/types\/product"}],"wp:featuredmedia":[{"embeddable":true,"href":"https:\/\/www.breesnewworld.nl\/da\/wp-json\/wp\/v2\/media\/8073"}],"wp:attachment":[{"href":"https:\/\/www.breesnewworld.nl\/da\/wp-json\/wp\/v2\/media?parent=8070"}],"wp:term":[{"taxonomy":"product_brand","embeddable":true,"href":"https:\/\/www.breesnewworld.nl\/da\/wp-json\/wp\/v2\/product_brand?post=8070"},{"taxonomy":"product_cat","embeddable":true,"href":"https:\/\/www.breesnewworld.nl\/da\/wp-json\/wp\/v2\/product_cat?post=8070"},{"taxonomy":"product_tag","embeddable":true,"href":"https:\/\/www.breesnewworld.nl\/da\/wp-json\/wp\/v2\/product_tag?post=8070"}],"curies":[{"name":"wp","href":"https:\/\/api.w.org\/{rel}","templated":true}]}}