{"id":8077,"date":"2020-07-14T10:42:34","date_gmt":"2020-07-14T08:42:34","guid":{"rendered":"https:\/\/www.breesnewworld.nl\/?post_type=product&#038;p=8077"},"modified":"2025-11-22T16:09:07","modified_gmt":"2025-11-22T15:09:07","slug":"spin-r","status":"publish","type":"product","link":"https:\/\/www.breesnewworld.nl\/da\/samling\/eetkamerstoelen\/spin-r\/","title":{"rendered":"Spisestol Spin R"},"content":{"rendered":"","protected":false},"excerpt":{"rendered":"Spin R spisestuestolen skiller sig ud med sine elegante kurver, der passer perfekt til den \u00e6gformede top af spisebordet <a href=\"https:\/\/www.breesnewworld.nl\/da\/samling\/eettafels\/stal-aeg-formet-spisebord\/\">Steely<\/a>. Kombinationen Spin R og Steely er ideel til dem, der \u00f8nsker at holde spisepladsen lidt kompakt, men stadig p\u00e6n og moderne og i\u00f8jnefaldende. Spin R spisestol &#039;dukker&#039; helt op, n\u00e5r den er betrukket med en dristig, kontrastfarvet stof-l\u00e6derkombination. Derudover kan denne lette, kompakte stol gerne placeres ved spisebordet i flere farver. Denne stol kaldes med en metalbase <a href=\"https:\/\/www.breesnewworld.nl\/da\/samling\/eetkamer-stoelen\/rikki-pote\/\">Rikki<\/a>.","protected":false},"featured_media":8084,"template":"","meta":{"_acf_changed":false},"product_brand":[],"product_cat":[64],"product_tag":[],"class_list":{"0":"post-8077","1":"product","2":"type-product","3":"status-publish","4":"has-post-thumbnail","6":"product_cat-eetkamerstoelen","8":"first","9":"instock","10":"taxable","11":"shipping-taxable","12":"product-type-simple"},"exclude_global_add_ons":[],"addons":[],"acf":[],"yoast_head":null,"yoast_head_json":null,"_links":{"self":[{"href":"https:\/\/www.breesnewworld.nl\/da\/wp-json\/wp\/v2\/product\/8077","targetHints":{"allow":["GET"]}}],"collection":[{"href":"https:\/\/www.breesnewworld.nl\/da\/wp-json\/wp\/v2\/product"}],"about":[{"href":"https:\/\/www.breesnewworld.nl\/da\/wp-json\/wp\/v2\/types\/product"}],"wp:featuredmedia":[{"embeddable":true,"href":"https:\/\/www.breesnewworld.nl\/da\/wp-json\/wp\/v2\/media\/8084"}],"wp:attachment":[{"href":"https:\/\/www.breesnewworld.nl\/da\/wp-json\/wp\/v2\/media?parent=8077"}],"wp:term":[{"taxonomy":"product_brand","embeddable":true,"href":"https:\/\/www.breesnewworld.nl\/da\/wp-json\/wp\/v2\/product_brand?post=8077"},{"taxonomy":"product_cat","embeddable":true,"href":"https:\/\/www.breesnewworld.nl\/da\/wp-json\/wp\/v2\/product_cat?post=8077"},{"taxonomy":"product_tag","embeddable":true,"href":"https:\/\/www.breesnewworld.nl\/da\/wp-json\/wp\/v2\/product_tag?post=8077"}],"curies":[{"name":"wp","href":"https:\/\/api.w.org\/{rel}","templated":true}]}}