{"id":8098,"date":"2020-07-14T10:55:45","date_gmt":"2020-07-14T08:55:45","guid":{"rendered":"https:\/\/www.breesnewworld.nl\/?post_type=product&#038;p=8098"},"modified":"2025-09-25T21:34:17","modified_gmt":"2025-09-25T19:34:17","slug":"tulipan","status":"publish","type":"product","link":"https:\/\/www.breesnewworld.nl\/da\/samling\/eetkamerstoelen\/tulipan\/","title":{"rendered":"Spisestolstol Tulipan"},"content":{"rendered":"","protected":false},"excerpt":{"rendered":"Navnet siger alt: denne &#039;Tulipan&#039; f\u00f8lger og underst\u00f8tter din krop perfekt med sine glatte linjer. Tulipan spisestuestol tilbyder et niveau af komfort, som du ikke ville forvente af en s\u00e5dan minimalistisk stol. P\u00e5 denne m\u00e5de sidder du perfekt, og du holder din spisestue stadig luftig. Det anbefales at v\u00e6lge Tulipan-rygl\u00e6net i en lys kontrastfarve sammenlignet med s\u00e6det. S\u00e5 med Tulipan spisestuestole har du altid blomster derhjemme! Tulipan f\u00e5s ogs\u00e5 med arml\u00e6n som f.eks <a href=\"https:\/\/www.breesnewworld.nl\/da\/samling\/eetkamer-stoelen\/tulipan-arm\/\">Tulipan arm<\/a>.","protected":false},"featured_media":8761,"template":"","meta":{"_acf_changed":false},"product_brand":[],"product_cat":[64],"product_tag":[],"class_list":{"0":"post-8098","1":"product","2":"type-product","3":"status-publish","4":"has-post-thumbnail","6":"product_cat-eetkamerstoelen","8":"first","9":"instock","10":"taxable","11":"shipping-taxable","12":"product-type-simple"},"exclude_global_add_ons":[],"addons":[],"acf":[],"yoast_head":null,"yoast_head_json":null,"_links":{"self":[{"href":"https:\/\/www.breesnewworld.nl\/da\/wp-json\/wp\/v2\/product\/8098","targetHints":{"allow":["GET"]}}],"collection":[{"href":"https:\/\/www.breesnewworld.nl\/da\/wp-json\/wp\/v2\/product"}],"about":[{"href":"https:\/\/www.breesnewworld.nl\/da\/wp-json\/wp\/v2\/types\/product"}],"wp:featuredmedia":[{"embeddable":true,"href":"https:\/\/www.breesnewworld.nl\/da\/wp-json\/wp\/v2\/media\/8761"}],"wp:attachment":[{"href":"https:\/\/www.breesnewworld.nl\/da\/wp-json\/wp\/v2\/media?parent=8098"}],"wp:term":[{"taxonomy":"product_brand","embeddable":true,"href":"https:\/\/www.breesnewworld.nl\/da\/wp-json\/wp\/v2\/product_brand?post=8098"},{"taxonomy":"product_cat","embeddable":true,"href":"https:\/\/www.breesnewworld.nl\/da\/wp-json\/wp\/v2\/product_cat?post=8098"},{"taxonomy":"product_tag","embeddable":true,"href":"https:\/\/www.breesnewworld.nl\/da\/wp-json\/wp\/v2\/product_tag?post=8098"}],"curies":[{"name":"wp","href":"https:\/\/api.w.org\/{rel}","templated":true}]}}