{"id":8118,"date":"2020-07-14T11:13:24","date_gmt":"2020-07-14T09:13:24","guid":{"rendered":"https:\/\/www.breesnewworld.nl\/?post_type=product&#038;p=8118"},"modified":"2025-10-10T09:48:49","modified_gmt":"2025-10-10T07:48:49","slug":"midt-rundt-spisebord","status":"publish","type":"product","link":"https:\/\/www.breesnewworld.nl\/da\/collectie\/eettafels\/center-ronde-eettafel\/","title":{"rendered":"Center \u2013 rundt spisebord"},"content":{"rendered":"","protected":false},"excerpt":{"rendered":"Det runde spisebord Center giver indtryk af en karrusel med den koniske cylinder og den runde bordplade. Hvis det ogs\u00e5 kan udl\u00f8se den tilknytning i dit hjem, s\u00e5 vil du sandsynligvis have mange gl\u00e6delige aftener ved dette stilfulde spisebord. Samlingen af spisestuestole fra Bree&#039;s New World indeholder forskellige modeller, der matcher meget godt med centerets runde former, herunder <a href=\"https:\/\/www.breesnewworld.nl\/da\/samling\/eetkamer-stoelen\/sommerfugl-arm-ben\/\">Sommerfugl<\/a>, <a href=\"https:\/\/www.breesnewworld.nl\/da\/samling\/eetkamer-stoelen\/svingarm-hjul\/\">Flyve<\/a> og <a href=\"https:\/\/www.breesnewworld.nl\/da\/samling\/eetkamer-stoelen\/staccato\/\">Staccato<\/a>.","protected":false},"featured_media":9290,"template":"","meta":{"_acf_changed":false},"product_brand":[],"product_cat":[73],"product_tag":[],"class_list":{"0":"post-8118","1":"product","2":"type-product","3":"status-publish","4":"has-post-thumbnail","6":"product_cat-eettafels","8":"first","9":"instock","10":"taxable","11":"shipping-taxable","12":"product-type-simple"},"exclude_global_add_ons":[],"addons":[],"acf":[],"yoast_head":null,"yoast_head_json":null,"_links":{"self":[{"href":"https:\/\/www.breesnewworld.nl\/da\/wp-json\/wp\/v2\/product\/8118","targetHints":{"allow":["GET"]}}],"collection":[{"href":"https:\/\/www.breesnewworld.nl\/da\/wp-json\/wp\/v2\/product"}],"about":[{"href":"https:\/\/www.breesnewworld.nl\/da\/wp-json\/wp\/v2\/types\/product"}],"wp:featuredmedia":[{"embeddable":true,"href":"https:\/\/www.breesnewworld.nl\/da\/wp-json\/wp\/v2\/media\/9290"}],"wp:attachment":[{"href":"https:\/\/www.breesnewworld.nl\/da\/wp-json\/wp\/v2\/media?parent=8118"}],"wp:term":[{"taxonomy":"product_brand","embeddable":true,"href":"https:\/\/www.breesnewworld.nl\/da\/wp-json\/wp\/v2\/product_brand?post=8118"},{"taxonomy":"product_cat","embeddable":true,"href":"https:\/\/www.breesnewworld.nl\/da\/wp-json\/wp\/v2\/product_cat?post=8118"},{"taxonomy":"product_tag","embeddable":true,"href":"https:\/\/www.breesnewworld.nl\/da\/wp-json\/wp\/v2\/product_tag?post=8118"}],"curies":[{"name":"wp","href":"https:\/\/api.w.org\/{rel}","templated":true}]}}