{"id":8121,"date":"2020-07-14T11:17:41","date_gmt":"2020-07-14T09:17:41","guid":{"rendered":"https:\/\/www.breesnewworld.nl\/?post_type=product&#038;p=8121"},"modified":"2025-10-10T13:46:58","modified_gmt":"2025-10-10T11:46:58","slug":"uklar-hpl-plastik","status":"publish","type":"product","link":"https:\/\/www.breesnewworld.nl\/da\/samling\/salontafels-en-bijzettafels\/uklar-hpl-plastik\/","title":{"rendered":"Overskyede sofaborde - HPL Plastica"},"content":{"rendered":"","protected":false},"excerpt":{"rendered":"Cloudy sofabordss\u00e6ttet er en legende tilf\u00f8jelse til den brede vifte af \u00f8kologiske modeller i Bree&#039;s New World -kollektionen. Hvis du ikke t\u00e6nker alt for lige i forhold til interi\u00f8rdesign, eller hvis du indimellem er lidt tr\u00e6g, s\u00e5 er disse &#039;skyer&#039; af sofaborde m\u00e5ske lige pr\u00e6cis det, du leder efter. Cloudy bordplader f\u00e5s i forskellige materialer, som ogs\u00e5 kan kombineres med hinanden. Hvad med kombinationen af valn\u00f8dfiner med sort FenixNTM eller HPL Plastica bronze med HPL porfido nero? Cloudy&#039;s slanke ben f\u00e5s i rustfrit st\u00e5l eller sort epoxy. Er et sofabord nok? Cloudy&#039;s f\u00e5s ogs\u00e5 som et separat sofabord.","protected":false},"featured_media":9703,"template":"","meta":{"_acf_changed":false},"product_brand":[],"product_cat":[77,105],"product_tag":[],"class_list":{"0":"post-8121","1":"product","2":"type-product","3":"status-publish","4":"has-post-thumbnail","6":"product_cat-salontafels-en-bijzettafels","7":"product_cat-tafel-bij-bank","9":"first","10":"instock","11":"taxable","12":"shipping-taxable","13":"product-type-simple"},"exclude_global_add_ons":[],"addons":[],"acf":[],"yoast_head":null,"yoast_head_json":null,"_links":{"self":[{"href":"https:\/\/www.breesnewworld.nl\/da\/wp-json\/wp\/v2\/product\/8121","targetHints":{"allow":["GET"]}}],"collection":[{"href":"https:\/\/www.breesnewworld.nl\/da\/wp-json\/wp\/v2\/product"}],"about":[{"href":"https:\/\/www.breesnewworld.nl\/da\/wp-json\/wp\/v2\/types\/product"}],"wp:featuredmedia":[{"embeddable":true,"href":"https:\/\/www.breesnewworld.nl\/da\/wp-json\/wp\/v2\/media\/9703"}],"wp:attachment":[{"href":"https:\/\/www.breesnewworld.nl\/da\/wp-json\/wp\/v2\/media?parent=8121"}],"wp:term":[{"taxonomy":"product_brand","embeddable":true,"href":"https:\/\/www.breesnewworld.nl\/da\/wp-json\/wp\/v2\/product_brand?post=8121"},{"taxonomy":"product_cat","embeddable":true,"href":"https:\/\/www.breesnewworld.nl\/da\/wp-json\/wp\/v2\/product_cat?post=8121"},{"taxonomy":"product_tag","embeddable":true,"href":"https:\/\/www.breesnewworld.nl\/da\/wp-json\/wp\/v2\/product_tag?post=8121"}],"curies":[{"name":"wp","href":"https:\/\/api.w.org\/{rel}","templated":true}]}}