{"id":8137,"date":"2020-07-14T11:27:19","date_gmt":"2020-07-14T09:27:19","guid":{"rendered":"https:\/\/www.breesnewworld.nl\/?post_type=product&#038;p=8137"},"modified":"2025-10-10T10:08:36","modified_gmt":"2025-10-10T08:08:36","slug":"libra-ovalt-spisebord","status":"publish","type":"product","link":"https:\/\/www.breesnewworld.nl\/da\/samling\/eettafels\/libra-ovalt-spisebord\/","title":{"rendered":"V\u00e6gten \u2013 ovalt spisebord"},"content":{"rendered":"","protected":false},"excerpt":{"rendered":"V\u00e6gten, et unikt designet spisebord, hvor funktionalitet og sk\u00f8nhed er i fuldst\u00e6ndig harmoni. Dette store, ovale spisebord hviler kun p\u00e5 et ben, men er ikke desto mindre meget st\u00e6rkt og stabilt. Uanset hvor du placerer den, tiltr\u00e6kker V\u00e6ggen din opm\u00e6rksomhed med sit us\u00e6dvanlige design. For dem, der tror, at du kun kan spise af det, skal du sidde. Dens gener\u00f8se karakter og enorme benplads g\u00f8r Libra -bordet velegnet som det ideelle &quot;efterbord&quot; derhjemme, som skrivebord eller konferencebord. Udover det ovale f\u00e5s Libra -spisebordet ogs\u00e5 med <a href=\"https:\/\/www.breesnewworld.nl\/da\/samling\/eettafels\/libra-rektangulaert-spisebord\/\">rektangul\u00e6r<\/a> eller <a href=\"https:\/\/www.breesnewworld.nl\/da\/samling\/eettafels\/libra-tonde-formet-spisebord\/\">t\u00f8ndeformet<\/a> bordplade.\r\n\r\n&nbsp;","protected":false},"featured_media":9457,"template":"","meta":{"_acf_changed":false},"product_brand":[],"product_cat":[73],"product_tag":[],"class_list":{"0":"post-8137","1":"product","2":"type-product","3":"status-publish","4":"has-post-thumbnail","6":"product_cat-eettafels","8":"first","9":"instock","10":"taxable","11":"shipping-taxable","12":"product-type-simple"},"exclude_global_add_ons":[],"addons":[],"acf":[],"yoast_head":null,"yoast_head_json":null,"_links":{"self":[{"href":"https:\/\/www.breesnewworld.nl\/da\/wp-json\/wp\/v2\/product\/8137","targetHints":{"allow":["GET"]}}],"collection":[{"href":"https:\/\/www.breesnewworld.nl\/da\/wp-json\/wp\/v2\/product"}],"about":[{"href":"https:\/\/www.breesnewworld.nl\/da\/wp-json\/wp\/v2\/types\/product"}],"wp:featuredmedia":[{"embeddable":true,"href":"https:\/\/www.breesnewworld.nl\/da\/wp-json\/wp\/v2\/media\/9457"}],"wp:attachment":[{"href":"https:\/\/www.breesnewworld.nl\/da\/wp-json\/wp\/v2\/media?parent=8137"}],"wp:term":[{"taxonomy":"product_brand","embeddable":true,"href":"https:\/\/www.breesnewworld.nl\/da\/wp-json\/wp\/v2\/product_brand?post=8137"},{"taxonomy":"product_cat","embeddable":true,"href":"https:\/\/www.breesnewworld.nl\/da\/wp-json\/wp\/v2\/product_cat?post=8137"},{"taxonomy":"product_tag","embeddable":true,"href":"https:\/\/www.breesnewworld.nl\/da\/wp-json\/wp\/v2\/product_tag?post=8137"}],"curies":[{"name":"wp","href":"https:\/\/api.w.org\/{rel}","templated":true}]}}