{"id":8150,"date":"2020-07-14T11:33:28","date_gmt":"2020-07-14T09:33:28","guid":{"rendered":"https:\/\/www.breesnewworld.nl\/?post_type=product&#038;p=8150"},"modified":"2025-10-10T10:12:35","modified_gmt":"2025-10-10T08:12:35","slug":"libra-rektangulaert-spisebord","status":"publish","type":"product","link":"https:\/\/www.breesnewworld.nl\/da\/samling\/eettafels\/libra-rektangulaert-spisebord\/","title":{"rendered":"Libra \u2013 rektangul\u00e6rt spisebord"},"content":{"rendered":"","protected":false},"excerpt":{"rendered":"Libra, et unikt design spisebord, hvor funktionalitet og sk\u00f8nhed er i fuld harmoni. Dette store, ovale spisebord hviler p\u00e5 kun \u00e9t ben, men er ikke desto mindre meget st\u00e6rkt og stabilt. Uanset hvor du placerer det, vil Libra tiltr\u00e6kke din opm\u00e6rksomhed med sit us\u00e6dvanlige design. For dem, der tror, at man kun kan spise ved det, s\u00e5 s\u00e6t dig ned. Dets gener\u00f8se karakter og enorme benplads g\u00f8r Libra-bordet velegnet som det ideelle &quot;after-dinner-bord&quot; i dit hjem, som skrivebord eller konferencebord. Udover det rektangul\u00e6re f\u00e5s Libra-spisebordet ogs\u00e5 med et... <a href=\"https:\/\/www.breesnewworld.nl\/da\/samling\/eettafels\/libra-ovalt-spisebord\/\">oval<\/a> eller <a href=\"https:\/\/www.breesnewworld.nl\/da\/samling\/eettafels\/libra-tonde-formet-spisebord\/\">t\u00f8ndeformet<\/a> bordplade.","protected":false},"featured_media":9304,"template":"","meta":{"_acf_changed":false},"product_brand":[],"product_cat":[73],"product_tag":[],"class_list":{"0":"post-8150","1":"product","2":"type-product","3":"status-publish","4":"has-post-thumbnail","6":"product_cat-eettafels","8":"first","9":"instock","10":"taxable","11":"shipping-taxable","12":"product-type-simple"},"exclude_global_add_ons":[],"addons":[],"acf":[],"yoast_head":null,"yoast_head_json":null,"_links":{"self":[{"href":"https:\/\/www.breesnewworld.nl\/da\/wp-json\/wp\/v2\/product\/8150","targetHints":{"allow":["GET"]}}],"collection":[{"href":"https:\/\/www.breesnewworld.nl\/da\/wp-json\/wp\/v2\/product"}],"about":[{"href":"https:\/\/www.breesnewworld.nl\/da\/wp-json\/wp\/v2\/types\/product"}],"wp:featuredmedia":[{"embeddable":true,"href":"https:\/\/www.breesnewworld.nl\/da\/wp-json\/wp\/v2\/media\/9304"}],"wp:attachment":[{"href":"https:\/\/www.breesnewworld.nl\/da\/wp-json\/wp\/v2\/media?parent=8150"}],"wp:term":[{"taxonomy":"product_brand","embeddable":true,"href":"https:\/\/www.breesnewworld.nl\/da\/wp-json\/wp\/v2\/product_brand?post=8150"},{"taxonomy":"product_cat","embeddable":true,"href":"https:\/\/www.breesnewworld.nl\/da\/wp-json\/wp\/v2\/product_cat?post=8150"},{"taxonomy":"product_tag","embeddable":true,"href":"https:\/\/www.breesnewworld.nl\/da\/wp-json\/wp\/v2\/product_tag?post=8150"}],"curies":[{"name":"wp","href":"https:\/\/api.w.org\/{rel}","templated":true}]}}