{"id":8187,"date":"2020-07-14T12:16:24","date_gmt":"2020-07-14T10:16:24","guid":{"rendered":"https:\/\/www.breesnewworld.nl\/?post_type=product&#038;p=8187"},"modified":"2025-10-10T10:32:34","modified_gmt":"2025-10-10T08:32:34","slug":"form-spisebord","status":"publish","type":"product","link":"https:\/\/www.breesnewworld.nl\/da\/samling\/eettafels\/form-spisebord\/","title":{"rendered":"Form - spisebord"},"content":{"rendered":"","protected":false},"excerpt":{"rendered":"The Shape, et minimalistisk, rummeligt designbord, der ud over den elegante, moderne spisestue ogs\u00e5 passer ind i det mere industrielle spiseplads. Spisebordets ben Form forgrener sig opad som et tr\u00e6, via en st\u00f8bning af poleret aluminium synes bordbenet automatisk at splittes for at danne en meget stabil underst\u00f8tning til bordpladen. Benene p\u00e5 dette designbord f\u00e5s ogs\u00e5 helt sort epoxy.","protected":false},"featured_media":8194,"template":"","meta":{"_acf_changed":false},"product_brand":[],"product_cat":[73],"product_tag":[],"class_list":{"0":"post-8187","1":"product","2":"type-product","3":"status-publish","4":"has-post-thumbnail","6":"product_cat-eettafels","8":"first","9":"instock","10":"taxable","11":"shipping-taxable","12":"product-type-simple"},"exclude_global_add_ons":[],"addons":[],"acf":[],"yoast_head":null,"yoast_head_json":null,"_links":{"self":[{"href":"https:\/\/www.breesnewworld.nl\/da\/wp-json\/wp\/v2\/product\/8187","targetHints":{"allow":["GET"]}}],"collection":[{"href":"https:\/\/www.breesnewworld.nl\/da\/wp-json\/wp\/v2\/product"}],"about":[{"href":"https:\/\/www.breesnewworld.nl\/da\/wp-json\/wp\/v2\/types\/product"}],"wp:featuredmedia":[{"embeddable":true,"href":"https:\/\/www.breesnewworld.nl\/da\/wp-json\/wp\/v2\/media\/8194"}],"wp:attachment":[{"href":"https:\/\/www.breesnewworld.nl\/da\/wp-json\/wp\/v2\/media?parent=8187"}],"wp:term":[{"taxonomy":"product_brand","embeddable":true,"href":"https:\/\/www.breesnewworld.nl\/da\/wp-json\/wp\/v2\/product_brand?post=8187"},{"taxonomy":"product_cat","embeddable":true,"href":"https:\/\/www.breesnewworld.nl\/da\/wp-json\/wp\/v2\/product_cat?post=8187"},{"taxonomy":"product_tag","embeddable":true,"href":"https:\/\/www.breesnewworld.nl\/da\/wp-json\/wp\/v2\/product_tag?post=8187"}],"curies":[{"name":"wp","href":"https:\/\/api.w.org\/{rel}","templated":true}]}}