{"id":8200,"date":"2020-07-14T12:22:59","date_gmt":"2020-07-14T10:22:59","guid":{"rendered":"https:\/\/www.breesnewworld.nl\/?post_type=product&#038;p=8200"},"modified":"2025-10-10T10:52:45","modified_gmt":"2025-10-10T08:52:45","slug":"stal-aeg-formet-spisebord","status":"publish","type":"product","link":"https:\/\/www.breesnewworld.nl\/da\/samling\/eettafels\/stal-aeg-formet-spisebord\/","title":{"rendered":"Steely \u2013 \u00f8kologisk spisebord"},"content":{"rendered":"","protected":false},"excerpt":{"rendered":"Med sine m\u00e5l p\u00e5 145 gange 129 cm (\u00f8verst) er det fuldst\u00e6ndig asymmetriske design spisebord Steely lille i st\u00f8rrelsen, men kan nemt rumme fem spisende g\u00e6ster takket v\u00e6re dets us\u00e6dvanlige form. Steely kan varmt anbefales til dem, der \u00f8nsker at bruge pladsen i deres spiseplads effektivt!","protected":false},"featured_media":11098,"template":"","meta":{"_acf_changed":false},"product_brand":[],"product_cat":[73],"product_tag":[],"class_list":{"0":"post-8200","1":"product","2":"type-product","3":"status-publish","4":"has-post-thumbnail","6":"product_cat-eettafels","8":"first","9":"instock","10":"taxable","11":"shipping-taxable","12":"product-type-simple"},"exclude_global_add_ons":[],"addons":[],"acf":[],"yoast_head":null,"yoast_head_json":null,"_links":{"self":[{"href":"https:\/\/www.breesnewworld.nl\/da\/wp-json\/wp\/v2\/product\/8200","targetHints":{"allow":["GET"]}}],"collection":[{"href":"https:\/\/www.breesnewworld.nl\/da\/wp-json\/wp\/v2\/product"}],"about":[{"href":"https:\/\/www.breesnewworld.nl\/da\/wp-json\/wp\/v2\/types\/product"}],"wp:featuredmedia":[{"embeddable":true,"href":"https:\/\/www.breesnewworld.nl\/da\/wp-json\/wp\/v2\/media\/11098"}],"wp:attachment":[{"href":"https:\/\/www.breesnewworld.nl\/da\/wp-json\/wp\/v2\/media?parent=8200"}],"wp:term":[{"taxonomy":"product_brand","embeddable":true,"href":"https:\/\/www.breesnewworld.nl\/da\/wp-json\/wp\/v2\/product_brand?post=8200"},{"taxonomy":"product_cat","embeddable":true,"href":"https:\/\/www.breesnewworld.nl\/da\/wp-json\/wp\/v2\/product_cat?post=8200"},{"taxonomy":"product_tag","embeddable":true,"href":"https:\/\/www.breesnewworld.nl\/da\/wp-json\/wp\/v2\/product_tag?post=8200"}],"curies":[{"name":"wp","href":"https:\/\/api.w.org\/{rel}","templated":true}]}}