{"id":8211,"date":"2020-07-14T13:08:47","date_gmt":"2020-07-14T11:08:47","guid":{"rendered":"https:\/\/www.breesnewworld.nl\/?post_type=product&#038;p=8211"},"modified":"2025-10-10T16:47:07","modified_gmt":"2025-10-10T14:47:07","slug":"twinny-sofabord","status":"publish","type":"product","link":"https:\/\/www.breesnewworld.nl\/da\/samling\/salontafels-en-bijzettafels\/twinny-sofabord\/","title":{"rendered":"Twinny sofabord"},"content":{"rendered":"","protected":false},"excerpt":{"rendered":"Efter Twinny sofaborde og sideborde er Twinny sofabordet ogs\u00e5 blevet tilf\u00f8jet til Bree&#039;s New World kollektionen. Dette lette bord med plade, der &#039;sv\u00e6ver&#039; p\u00e5 en metalramme med frivinger, er ideel til dovne stunder p\u00e5 sofaen. Du skyder dette sofabord subtilt hen over sofaen, s\u00e5 du n\u00e6sten ikke beh\u00f8ver at g\u00f8re en indsats for at n\u00e5 den pose chips... eller den sk\u00e5l med radiser. Toppen af Twinny b\u00e6nkbordet kan monteres p\u00e5 stellet p\u00e5 to m\u00e5der, med spidsen fremad eller bagud. Det kommer bare an p\u00e5 hvordan du bedst kan lide det. Designer: Peter Schreuder Goedheijt.","protected":false},"featured_media":9343,"template":"","meta":{"_acf_changed":false},"product_brand":[],"product_cat":[77,105],"product_tag":[],"class_list":{"0":"post-8211","1":"product","2":"type-product","3":"status-publish","4":"has-post-thumbnail","6":"product_cat-salontafels-en-bijzettafels","7":"product_cat-tafel-bij-bank","9":"first","10":"instock","11":"taxable","12":"shipping-taxable","13":"product-type-simple"},"exclude_global_add_ons":[],"addons":[],"acf":[],"yoast_head":null,"yoast_head_json":null,"_links":{"self":[{"href":"https:\/\/www.breesnewworld.nl\/da\/wp-json\/wp\/v2\/product\/8211","targetHints":{"allow":["GET"]}}],"collection":[{"href":"https:\/\/www.breesnewworld.nl\/da\/wp-json\/wp\/v2\/product"}],"about":[{"href":"https:\/\/www.breesnewworld.nl\/da\/wp-json\/wp\/v2\/types\/product"}],"wp:featuredmedia":[{"embeddable":true,"href":"https:\/\/www.breesnewworld.nl\/da\/wp-json\/wp\/v2\/media\/9343"}],"wp:attachment":[{"href":"https:\/\/www.breesnewworld.nl\/da\/wp-json\/wp\/v2\/media?parent=8211"}],"wp:term":[{"taxonomy":"product_brand","embeddable":true,"href":"https:\/\/www.breesnewworld.nl\/da\/wp-json\/wp\/v2\/product_brand?post=8211"},{"taxonomy":"product_cat","embeddable":true,"href":"https:\/\/www.breesnewworld.nl\/da\/wp-json\/wp\/v2\/product_cat?post=8211"},{"taxonomy":"product_tag","embeddable":true,"href":"https:\/\/www.breesnewworld.nl\/da\/wp-json\/wp\/v2\/product_tag?post=8211"}],"curies":[{"name":"wp","href":"https:\/\/api.w.org\/{rel}","templated":true}]}}