{"id":8214,"date":"2020-07-14T13:11:52","date_gmt":"2020-07-14T11:11:52","guid":{"rendered":"https:\/\/www.breesnewworld.nl\/?post_type=product&#038;p=8214"},"modified":"2025-10-17T16:19:23","modified_gmt":"2025-10-17T14:19:23","slug":"twinny-sideborde","status":"publish","type":"product","link":"https:\/\/www.breesnewworld.nl\/da\/samling\/salontafels-en-bijzettafels\/twinny-sideborde\/","title":{"rendered":"Twinny \u2013 Hj\u00f8rneborde"},"content":{"rendered":"","protected":false},"excerpt":{"rendered":"Twinny sidebordss\u00e6ttet er et moderne s\u00e6t sideborde med et industrielt look. Bordpladerne har n\u00f8jagtig samme st\u00f8rrelse og kan derfor udskiftes, hvis du foretr\u00e6kker det h\u00f8je eller lave bord fra dette s\u00e6t i en anden farve. De \u00e6gformede bordplader hviler p\u00e5 en subtil metalramme, der kan afsluttes i enten rustfrit st\u00e5l eller sort epoxy. Twinny sideborde kombineres ofte med <a href=\"https:\/\/www.breesnewworld.nl\/da\/samling\/salontafels-en-bijzettafels\/twinny-hpl-plastika\/\">sofaborde<\/a> tvilling. Hvor sidstn\u00e6vnte ofte placeres foran sofaen, kan sidebordene gerne placeres som hj\u00f8rneborde ved siden af sofaen eller en l\u00e6nestol. Designer: Peter Schreuder Goedheijt.\r\n\r\n&nbsp;","protected":false},"featured_media":9344,"template":"","meta":{"_acf_changed":false},"product_brand":[],"product_cat":[77,105],"product_tag":[],"class_list":{"0":"post-8214","1":"product","2":"type-product","3":"status-publish","4":"has-post-thumbnail","6":"product_cat-salontafels-en-bijzettafels","7":"product_cat-tafel-bij-bank","9":"first","10":"instock","11":"taxable","12":"shipping-taxable","13":"product-type-simple"},"exclude_global_add_ons":[],"addons":[],"acf":[],"yoast_head":null,"yoast_head_json":null,"_links":{"self":[{"href":"https:\/\/www.breesnewworld.nl\/da\/wp-json\/wp\/v2\/product\/8214","targetHints":{"allow":["GET"]}}],"collection":[{"href":"https:\/\/www.breesnewworld.nl\/da\/wp-json\/wp\/v2\/product"}],"about":[{"href":"https:\/\/www.breesnewworld.nl\/da\/wp-json\/wp\/v2\/types\/product"}],"wp:featuredmedia":[{"embeddable":true,"href":"https:\/\/www.breesnewworld.nl\/da\/wp-json\/wp\/v2\/media\/9344"}],"wp:attachment":[{"href":"https:\/\/www.breesnewworld.nl\/da\/wp-json\/wp\/v2\/media?parent=8214"}],"wp:term":[{"taxonomy":"product_brand","embeddable":true,"href":"https:\/\/www.breesnewworld.nl\/da\/wp-json\/wp\/v2\/product_brand?post=8214"},{"taxonomy":"product_cat","embeddable":true,"href":"https:\/\/www.breesnewworld.nl\/da\/wp-json\/wp\/v2\/product_cat?post=8214"},{"taxonomy":"product_tag","embeddable":true,"href":"https:\/\/www.breesnewworld.nl\/da\/wp-json\/wp\/v2\/product_tag?post=8214"}],"curies":[{"name":"wp","href":"https:\/\/api.w.org\/{rel}","templated":true}]}}