{"id":8269,"date":"2020-07-14T13:51:50","date_gmt":"2020-07-14T11:51:50","guid":{"rendered":"https:\/\/www.breesnewworld.nl\/?post_type=product&#038;p=8269"},"modified":"2025-10-03T13:31:56","modified_gmt":"2025-10-03T11:31:56","slug":"fauteuil-gaucho","status":"publish","type":"product","link":"https:\/\/www.breesnewworld.nl\/da\/samling\/fauteuils\/fauteuil-gaucho\/","title":{"rendered":"l\u00e6nestol Gaucho"},"content":{"rendered":"","protected":false},"excerpt":{"rendered":"Gaucho: en indbydende, rummelig l\u00e6nestol med et traditionelt look. Den smidige, gener\u00f8st polstrede polstring giver denne l\u00e6nestol et indbydende udseende, der f\u00e5r dig til at \u00f8nske at &#039;plukke ned&#039; i Gaucho. Der er ogs\u00e5 en, der fuldender siddekomforten og afslapningsf\u00f8lelsen <a href=\"https:\/\/www.breesnewworld.nl\/da\/samling\/fauteuils\/gaucho-hocker\/\">hocker<\/a> f\u00e5s med denne l\u00e6nestol. Som l\u00e6derl\u00e6nestol passer Gaucho s\u00e6rligt godt ind i den industrielle stue. Derudover er det ogs\u00e5 meget popul\u00e6rt i velourstof for elskere af et retro-interi\u00f8r. Gaucho l\u00e6nestol f\u00e5s ogs\u00e5 p\u00e5 et firbenet s\u00e6t <a href=\"https:\/\/www.breesnewworld.nl\/da\/samling\/fauteuils\/gaucho\/\">drejelig base<\/a>.\r\n\r\n&nbsp;","protected":false},"featured_media":8277,"template":"","meta":{"_acf_changed":false},"product_brand":[],"product_cat":[71],"product_tag":[],"class_list":{"0":"post-8269","1":"product","2":"type-product","3":"status-publish","4":"has-post-thumbnail","6":"product_cat-fauteuils","8":"first","9":"instock","10":"taxable","11":"shipping-taxable","12":"product-type-simple"},"exclude_global_add_ons":[],"addons":[],"acf":[],"yoast_head":null,"yoast_head_json":null,"_links":{"self":[{"href":"https:\/\/www.breesnewworld.nl\/da\/wp-json\/wp\/v2\/product\/8269","targetHints":{"allow":["GET"]}}],"collection":[{"href":"https:\/\/www.breesnewworld.nl\/da\/wp-json\/wp\/v2\/product"}],"about":[{"href":"https:\/\/www.breesnewworld.nl\/da\/wp-json\/wp\/v2\/types\/product"}],"wp:featuredmedia":[{"embeddable":true,"href":"https:\/\/www.breesnewworld.nl\/da\/wp-json\/wp\/v2\/media\/8277"}],"wp:attachment":[{"href":"https:\/\/www.breesnewworld.nl\/da\/wp-json\/wp\/v2\/media?parent=8269"}],"wp:term":[{"taxonomy":"product_brand","embeddable":true,"href":"https:\/\/www.breesnewworld.nl\/da\/wp-json\/wp\/v2\/product_brand?post=8269"},{"taxonomy":"product_cat","embeddable":true,"href":"https:\/\/www.breesnewworld.nl\/da\/wp-json\/wp\/v2\/product_cat?post=8269"},{"taxonomy":"product_tag","embeddable":true,"href":"https:\/\/www.breesnewworld.nl\/da\/wp-json\/wp\/v2\/product_tag?post=8269"}],"curies":[{"name":"wp","href":"https:\/\/api.w.org\/{rel}","templated":true}]}}