{"id":8285,"date":"2020-07-14T13:58:59","date_gmt":"2020-07-14T11:58:59","guid":{"rendered":"https:\/\/www.breesnewworld.nl\/?post_type=product&#038;p=8285"},"modified":"2025-10-03T14:02:09","modified_gmt":"2025-10-03T12:02:09","slug":"legendarisk","status":"publish","type":"product","link":"https:\/\/www.breesnewworld.nl\/da\/samling\/fauteuils\/legendarisk\/","title":{"rendered":"L\u00e6nestol Legendarisk"},"content":{"rendered":"","protected":false},"excerpt":{"rendered":"Den legendariske drejestol fra Bree&#039;s New World skiller sig oprindeligt ud for sit organiske design og gener\u00f8st polstret og indbydende polstring. Is\u00e6r n\u00e5r det er polstret i en kontraststof-l\u00e6derkombination, er det en l\u00e6nestol, der kr\u00e6ver en hel del opm\u00e6rksomhed. For vores vedkommende er udseendet af den legendariske stadig ikke det vigtigste kendetegn, hvor denne drejelige l\u00e6nestol udm\u00e6rker sig. Efter vores mening er det virkelig den fantastiske siddekomfort. P\u00e5 Bree&#039;s New World kan vi absolut ikke lide at prale, men for den legendariske kan vi godt lide at g\u00f8re en undtagelse for en gangs skyld. Efter gentagne justeringer af rammen, p\u00e5 udkig efter den optimale vinkel p\u00e5 skallen i forhold til den drejelige base og ofte spillet med skumtykkelsen, blev der opn\u00e5et en siddekomfort, som hele vores personale begejstrede for. Din nedre og \u00f8vre ryg underst\u00f8ttes sublim uden for meget pres, og dine arme er vidunderligt afslappede p\u00e5 de lave arml\u00e6n. Siddeomr\u00e5det er en balance mellem passiv og aktiv, hvilket ogs\u00e5 g\u00f8r denne l\u00e6nestol multifunktionel med hensyn til den aktivitet, du vil udf\u00f8re p\u00e5 den. S\u00e5 uanset om du kan lide at l\u00e6se, spille, &#039;Netflixing&#039;, filosofere, strikke eller vin, holder Legendary dig i timevis! Navnet p\u00e5 denne drejelige l\u00e6nestol er ikke beregnet til at v\u00e6re arrogant, men en hyldest til faren til instrukt\u00f8ren Leen van Bree, der d\u00f8de i 2019, nemlig Arij van Bree (deraf Legend-Ary), som stadig var aktiv indtil sin d\u00f8d ved 91. for Bree&#039;s New World. Dels af denne grund er der lagt meget ekstra tid og kr\u00e6fter i at udvikle denne l\u00e6nestol.","protected":false},"featured_media":10687,"template":"","meta":{"_acf_changed":false},"product_brand":[],"product_cat":[71],"product_tag":[],"class_list":{"0":"post-8285","1":"product","2":"type-product","3":"status-publish","4":"has-post-thumbnail","6":"product_cat-fauteuils","8":"first","9":"instock","10":"taxable","11":"shipping-taxable","12":"product-type-simple"},"exclude_global_add_ons":[],"addons":[],"acf":[],"yoast_head":null,"yoast_head_json":null,"_links":{"self":[{"href":"https:\/\/www.breesnewworld.nl\/da\/wp-json\/wp\/v2\/product\/8285","targetHints":{"allow":["GET"]}}],"collection":[{"href":"https:\/\/www.breesnewworld.nl\/da\/wp-json\/wp\/v2\/product"}],"about":[{"href":"https:\/\/www.breesnewworld.nl\/da\/wp-json\/wp\/v2\/types\/product"}],"wp:featuredmedia":[{"embeddable":true,"href":"https:\/\/www.breesnewworld.nl\/da\/wp-json\/wp\/v2\/media\/10687"}],"wp:attachment":[{"href":"https:\/\/www.breesnewworld.nl\/da\/wp-json\/wp\/v2\/media?parent=8285"}],"wp:term":[{"taxonomy":"product_brand","embeddable":true,"href":"https:\/\/www.breesnewworld.nl\/da\/wp-json\/wp\/v2\/product_brand?post=8285"},{"taxonomy":"product_cat","embeddable":true,"href":"https:\/\/www.breesnewworld.nl\/da\/wp-json\/wp\/v2\/product_cat?post=8285"},{"taxonomy":"product_tag","embeddable":true,"href":"https:\/\/www.breesnewworld.nl\/da\/wp-json\/wp\/v2\/product_tag?post=8285"}],"curies":[{"name":"wp","href":"https:\/\/api.w.org\/{rel}","templated":true}]}}