{"id":8291,"date":"2020-07-14T14:02:38","date_gmt":"2020-07-14T12:02:38","guid":{"rendered":"https:\/\/www.breesnewworld.nl\/?post_type=product&#038;p=8291"},"modified":"2025-10-17T16:02:07","modified_gmt":"2025-10-17T14:02:07","slug":"peggy","status":"publish","type":"product","link":"https:\/\/www.breesnewworld.nl\/da\/samling\/fauteuils\/peggy\/","title":{"rendered":"L\u00e6nestol Peggy"},"content":{"rendered":"","protected":false},"excerpt":{"rendered":"De venlige, organiske konturer af Peggy drejelig l\u00e6nestol udstr\u00e5ler munterhed og med lidt fantasi kan man sige, at Peggy l\u00e6nestolen smiler, n\u00e5r man st\u00e5r foran hende. Med hensyn til siddekomfort overlader denne l\u00e6nestol intet at \u00f8nske takket v\u00e6re det organisk formede s\u00e6de. Cockpiten drejer subtilt p\u00e5 en mat krom eller sort epoxy-firet\u00e5 drejelig base. Peggys stores\u00f8ster kaldes <a href=\"https:\/\/www.breesnewworld.nl\/da\/samling\/fauteuils\/rubin\/\">Rubin<\/a>, den h\u00f8je version af denne organiske drejelige l\u00e6nestol. Er du ikke s\u00e5 glad for at spinde? Peggy og Ruby f\u00e5s ogs\u00e5 med sort epoxy eller rustfrit st\u00e5l sl\u00e6deramme som <a href=\"https:\/\/www.breesnewworld.nl\/da\/samling\/fauteuils\/peggy-rutsjebane\/\">Peggy Slide<\/a> og <a href=\"https:\/\/www.breesnewworld.nl\/da\/samling\/fauteuils\/rubinrutsjebane\/\">Ruby Slide<\/a>.","protected":false},"featured_media":8303,"template":"","meta":{"_acf_changed":false},"product_brand":[],"product_cat":[71],"product_tag":[],"class_list":{"0":"post-8291","1":"product","2":"type-product","3":"status-publish","4":"has-post-thumbnail","6":"product_cat-fauteuils","8":"first","9":"instock","10":"taxable","11":"shipping-taxable","12":"product-type-simple"},"exclude_global_add_ons":[],"addons":[],"acf":[],"yoast_head":null,"yoast_head_json":null,"_links":{"self":[{"href":"https:\/\/www.breesnewworld.nl\/da\/wp-json\/wp\/v2\/product\/8291","targetHints":{"allow":["GET"]}}],"collection":[{"href":"https:\/\/www.breesnewworld.nl\/da\/wp-json\/wp\/v2\/product"}],"about":[{"href":"https:\/\/www.breesnewworld.nl\/da\/wp-json\/wp\/v2\/types\/product"}],"wp:featuredmedia":[{"embeddable":true,"href":"https:\/\/www.breesnewworld.nl\/da\/wp-json\/wp\/v2\/media\/8303"}],"wp:attachment":[{"href":"https:\/\/www.breesnewworld.nl\/da\/wp-json\/wp\/v2\/media?parent=8291"}],"wp:term":[{"taxonomy":"product_brand","embeddable":true,"href":"https:\/\/www.breesnewworld.nl\/da\/wp-json\/wp\/v2\/product_brand?post=8291"},{"taxonomy":"product_cat","embeddable":true,"href":"https:\/\/www.breesnewworld.nl\/da\/wp-json\/wp\/v2\/product_cat?post=8291"},{"taxonomy":"product_tag","embeddable":true,"href":"https:\/\/www.breesnewworld.nl\/da\/wp-json\/wp\/v2\/product_tag?post=8291"}],"curies":[{"name":"wp","href":"https:\/\/api.w.org\/{rel}","templated":true}]}}