{"id":8304,"date":"2020-07-14T14:07:30","date_gmt":"2020-07-14T12:07:30","guid":{"rendered":"https:\/\/www.breesnewworld.nl\/?post_type=product&#038;p=8304"},"modified":"2025-10-03T14:15:09","modified_gmt":"2025-10-03T12:15:09","slug":"peggy-rutsjebane","status":"publish","type":"product","link":"https:\/\/www.breesnewworld.nl\/da\/samling\/fauteuils\/peggy-rutsjebane\/","title":{"rendered":"L\u00e6nestol Peggy Slide"},"content":{"rendered":"","protected":false},"excerpt":{"rendered":"De venlige, organiske konturer af Peggy Slide drejelig l\u00e6nestol udstr\u00e5ler munterhed og med lidt fantasi kan du sige, at Peggy Slide l\u00e6nestolen smiler, n\u00e5r du st\u00e5r foran hende. Med hensyn til siddekomfort overlader denne l\u00e6nestol intet at \u00f8nske takket v\u00e6re det organisk formede s\u00e6de. Cockpiten hviler p\u00e5 en subtil, men alligevel meget stabil sl\u00e6deramme, som kan v\u00e6re lavet af rustfrit st\u00e5l eller sort epoxy. Den store s\u00f8ster til Peggy Slide kaldes <a href=\"https:\/\/www.breesnewworld.nl\/da\/samling\/fauteuils\/rubinrutsjebane\/\">Ruby Slide<\/a>, den h\u00f8je version af denne \u00f8kologiske l\u00e6nestol. Kan du lide at t\u00e6nde en l\u00e6nestol? Peggy Slide og Ruby Slide f\u00e5s ogs\u00e5 som drejelige l\u00e6nestole som <a href=\"https:\/\/www.breesnewworld.nl\/da\/samling\/fauteuils\/peggy\/\">Peggy<\/a> og <a href=\"https:\/\/www.breesnewworld.nl\/da\/samling\/fauteuils\/rubin\/\">Rubin<\/a>.","protected":false},"featured_media":8308,"template":"","meta":{"_acf_changed":false},"product_brand":[],"product_cat":[71],"product_tag":[],"class_list":{"0":"post-8304","1":"product","2":"type-product","3":"status-publish","4":"has-post-thumbnail","6":"product_cat-fauteuils","8":"first","9":"instock","10":"taxable","11":"shipping-taxable","12":"product-type-simple"},"exclude_global_add_ons":[],"addons":[],"acf":[],"yoast_head":null,"yoast_head_json":null,"_links":{"self":[{"href":"https:\/\/www.breesnewworld.nl\/da\/wp-json\/wp\/v2\/product\/8304","targetHints":{"allow":["GET"]}}],"collection":[{"href":"https:\/\/www.breesnewworld.nl\/da\/wp-json\/wp\/v2\/product"}],"about":[{"href":"https:\/\/www.breesnewworld.nl\/da\/wp-json\/wp\/v2\/types\/product"}],"wp:featuredmedia":[{"embeddable":true,"href":"https:\/\/www.breesnewworld.nl\/da\/wp-json\/wp\/v2\/media\/8308"}],"wp:attachment":[{"href":"https:\/\/www.breesnewworld.nl\/da\/wp-json\/wp\/v2\/media?parent=8304"}],"wp:term":[{"taxonomy":"product_brand","embeddable":true,"href":"https:\/\/www.breesnewworld.nl\/da\/wp-json\/wp\/v2\/product_brand?post=8304"},{"taxonomy":"product_cat","embeddable":true,"href":"https:\/\/www.breesnewworld.nl\/da\/wp-json\/wp\/v2\/product_cat?post=8304"},{"taxonomy":"product_tag","embeddable":true,"href":"https:\/\/www.breesnewworld.nl\/da\/wp-json\/wp\/v2\/product_tag?post=8304"}],"curies":[{"name":"wp","href":"https:\/\/api.w.org\/{rel}","templated":true}]}}