{"id":8329,"date":"2020-07-14T14:24:15","date_gmt":"2020-07-14T12:24:15","guid":{"rendered":"https:\/\/www.breesnewworld.nl\/?post_type=product&#038;p=8329"},"modified":"2025-10-17T16:01:10","modified_gmt":"2025-10-17T14:01:10","slug":"rubin","status":"publish","type":"product","link":"https:\/\/www.breesnewworld.nl\/da\/collectie\/fauteuils\/ruby\/","title":{"rendered":"L\u00e6nestol Ruby"},"content":{"rendered":"","protected":false},"excerpt":{"rendered":"De venlige, organiske konturer af Ruby drejelig l\u00e6nestol udstr\u00e5ler munterhed og med lidt fantasi kan man sige, at Ruby l\u00e6nestolen smiler, n\u00e5r man st\u00e5r foran hende. Med hensyn til siddekomfort lader denne l\u00e6nestol intet tilbage at \u00f8nske takket v\u00e6re det organisk formede s\u00e6de. Cockpiten drejer sig subtilt p\u00e5 en mat krom eller sort epoxy-drejet fod med fire t\u00e5er. Ruby l\u00e6nestolens mindre s\u00f8ster kaldes <a href=\"https:\/\/www.breesnewworld.nl\/da\/samling\/fauteuils\/peggy\/\">Peggy<\/a>. Er du ikke s\u00e5 glad for at spinde? Ruby og Peggy f\u00e5s ogs\u00e5 med sort epoxy eller sl\u00e6de ramme i rustfrit st\u00e5l som <a href=\"https:\/\/www.breesnewworld.nl\/da\/samling\/fauteuils\/rubinrutsjebane\/\">Ruby Slide<\/a> og\u00a0 <a href=\"https:\/\/www.breesnewworld.nl\/da\/samling\/fauteuils\/peggy-rutsjebane\/\">Peggy Slide<\/a>.","protected":false},"featured_media":10693,"template":"","meta":{"_acf_changed":false},"product_brand":[],"product_cat":[71],"product_tag":[],"class_list":{"0":"post-8329","1":"product","2":"type-product","3":"status-publish","4":"has-post-thumbnail","6":"product_cat-fauteuils","8":"first","9":"instock","10":"taxable","11":"shipping-taxable","12":"product-type-simple"},"exclude_global_add_ons":[],"addons":[],"acf":[],"yoast_head":null,"yoast_head_json":null,"_links":{"self":[{"href":"https:\/\/www.breesnewworld.nl\/da\/wp-json\/wp\/v2\/product\/8329","targetHints":{"allow":["GET"]}}],"collection":[{"href":"https:\/\/www.breesnewworld.nl\/da\/wp-json\/wp\/v2\/product"}],"about":[{"href":"https:\/\/www.breesnewworld.nl\/da\/wp-json\/wp\/v2\/types\/product"}],"wp:featuredmedia":[{"embeddable":true,"href":"https:\/\/www.breesnewworld.nl\/da\/wp-json\/wp\/v2\/media\/10693"}],"wp:attachment":[{"href":"https:\/\/www.breesnewworld.nl\/da\/wp-json\/wp\/v2\/media?parent=8329"}],"wp:term":[{"taxonomy":"product_brand","embeddable":true,"href":"https:\/\/www.breesnewworld.nl\/da\/wp-json\/wp\/v2\/product_brand?post=8329"},{"taxonomy":"product_cat","embeddable":true,"href":"https:\/\/www.breesnewworld.nl\/da\/wp-json\/wp\/v2\/product_cat?post=8329"},{"taxonomy":"product_tag","embeddable":true,"href":"https:\/\/www.breesnewworld.nl\/da\/wp-json\/wp\/v2\/product_tag?post=8329"}],"curies":[{"name":"wp","href":"https:\/\/api.w.org\/{rel}","templated":true}]}}