{"id":8336,"date":"2020-07-14T14:30:18","date_gmt":"2020-07-14T12:30:18","guid":{"rendered":"https:\/\/www.breesnewworld.nl\/?post_type=product&#038;p=8336"},"modified":"2025-11-05T11:35:28","modified_gmt":"2025-11-05T10:35:28","slug":"tulip","status":"publish","type":"product","link":"https:\/\/www.breesnewworld.nl\/da\/samling\/fauteuils\/tulip\/","title":{"rendered":"L\u00e6nestol Tulipan"},"content":{"rendered":"","protected":false},"excerpt":{"rendered":"Tulipan, en kompakt l\u00e6nestol med aktiv s\u00e6de, som har v\u00e6ret en del af Bree&#039;s New World-kollektion i mere end to \u00e5rtier. Om navnet p\u00e5 denne l\u00e6nestol f\u00f8rst blev t\u00e6nkt op og derefter designet, eller omvendt, ved vi ikke l\u00e6ngere. Vi kan med sikkerhed sige, at navnet udtrykker pr\u00e6cis, hvad designet viser. Tulipan, en dejlig hollandsk stol, som du med rette kan placere under kategorien &#039;hollandsk design&#039;.\r\n\r\n&nbsp;","protected":false},"featured_media":8337,"template":"","meta":{"_acf_changed":false},"product_brand":[],"product_cat":[71],"product_tag":[],"class_list":{"0":"post-8336","1":"product","2":"type-product","3":"status-publish","4":"has-post-thumbnail","6":"product_cat-fauteuils","8":"first","9":"instock","10":"taxable","11":"shipping-taxable","12":"product-type-simple"},"exclude_global_add_ons":[],"addons":[],"acf":[],"yoast_head":null,"yoast_head_json":null,"_links":{"self":[{"href":"https:\/\/www.breesnewworld.nl\/da\/wp-json\/wp\/v2\/product\/8336","targetHints":{"allow":["GET"]}}],"collection":[{"href":"https:\/\/www.breesnewworld.nl\/da\/wp-json\/wp\/v2\/product"}],"about":[{"href":"https:\/\/www.breesnewworld.nl\/da\/wp-json\/wp\/v2\/types\/product"}],"wp:featuredmedia":[{"embeddable":true,"href":"https:\/\/www.breesnewworld.nl\/da\/wp-json\/wp\/v2\/media\/8337"}],"wp:attachment":[{"href":"https:\/\/www.breesnewworld.nl\/da\/wp-json\/wp\/v2\/media?parent=8336"}],"wp:term":[{"taxonomy":"product_brand","embeddable":true,"href":"https:\/\/www.breesnewworld.nl\/da\/wp-json\/wp\/v2\/product_brand?post=8336"},{"taxonomy":"product_cat","embeddable":true,"href":"https:\/\/www.breesnewworld.nl\/da\/wp-json\/wp\/v2\/product_cat?post=8336"},{"taxonomy":"product_tag","embeddable":true,"href":"https:\/\/www.breesnewworld.nl\/da\/wp-json\/wp\/v2\/product_tag?post=8336"}],"curies":[{"name":"wp","href":"https:\/\/api.w.org\/{rel}","templated":true}]}}