{"id":8363,"date":"2020-07-14T14:47:00","date_gmt":"2020-07-14T12:47:00","guid":{"rendered":"https:\/\/www.breesnewworld.nl\/?post_type=product&#038;p=8363"},"modified":"2025-10-03T14:53:11","modified_gmt":"2025-10-03T12:53:11","slug":"remake-stof-laeder","status":"publish","type":"product","link":"https:\/\/www.breesnewworld.nl\/da\/samling\/banken\/remake-stof-laeder\/","title":{"rendered":"Sofa Remake - stof \/ l\u00e6der"},"content":{"rendered":"","protected":false},"excerpt":{"rendered":"Som navnet antyder, er Remake en rigtig retro sofa. Ryg og s\u00e6de egner sig rigtig godt til en kontrasterende kombination af stof og l\u00e6der, eventuelt suppleret med matchende hynder. Remake sofaen f\u00e5s som 2,5-personers sofa, 3-personers sofa og siden sommeren 2024 ogs\u00e5 som 3,5-personers sofa.\r\n\r\n&nbsp;","protected":false},"featured_media":8368,"template":"","meta":{"_acf_changed":false},"product_brand":[],"product_cat":[63],"product_tag":[],"class_list":{"0":"post-8363","1":"product","2":"type-product","3":"status-publish","4":"has-post-thumbnail","6":"product_cat-banken","8":"first","9":"instock","10":"taxable","11":"shipping-taxable","12":"product-type-simple"},"exclude_global_add_ons":[],"addons":[],"acf":[],"yoast_head":null,"yoast_head_json":null,"_links":{"self":[{"href":"https:\/\/www.breesnewworld.nl\/da\/wp-json\/wp\/v2\/product\/8363","targetHints":{"allow":["GET"]}}],"collection":[{"href":"https:\/\/www.breesnewworld.nl\/da\/wp-json\/wp\/v2\/product"}],"about":[{"href":"https:\/\/www.breesnewworld.nl\/da\/wp-json\/wp\/v2\/types\/product"}],"wp:featuredmedia":[{"embeddable":true,"href":"https:\/\/www.breesnewworld.nl\/da\/wp-json\/wp\/v2\/media\/8368"}],"wp:attachment":[{"href":"https:\/\/www.breesnewworld.nl\/da\/wp-json\/wp\/v2\/media?parent=8363"}],"wp:term":[{"taxonomy":"product_brand","embeddable":true,"href":"https:\/\/www.breesnewworld.nl\/da\/wp-json\/wp\/v2\/product_brand?post=8363"},{"taxonomy":"product_cat","embeddable":true,"href":"https:\/\/www.breesnewworld.nl\/da\/wp-json\/wp\/v2\/product_cat?post=8363"},{"taxonomy":"product_tag","embeddable":true,"href":"https:\/\/www.breesnewworld.nl\/da\/wp-json\/wp\/v2\/product_tag?post=8363"}],"curies":[{"name":"wp","href":"https:\/\/api.w.org\/{rel}","templated":true}]}}