{"id":8369,"date":"2020-07-14T14:48:45","date_gmt":"2020-07-14T12:48:45","guid":{"rendered":"https:\/\/www.breesnewworld.nl\/?post_type=product&#038;p=8369"},"modified":"2025-09-26T17:16:05","modified_gmt":"2025-09-26T15:16:05","slug":"losning-spisestue-sofa","status":"publish","type":"product","link":"https:\/\/www.breesnewworld.nl\/da\/samling\/eetkamer-banken\/losning-spisestue-sofa\/","title":{"rendered":"L\u00f8sning - spisestue sofa"},"content":{"rendered":"","protected":false},"excerpt":{"rendered":"Med den robuste spisestue sofa Solution kan du g\u00e5 i alle retninger. Takket v\u00e6re den modul\u00e6re konstruktion af denne b\u00e6nk med et industrielt look, kan den leveres i mange l\u00e6ngder. Derudover kan den ogs\u00e5 designes som en hj\u00f8rnesofa. Dels p\u00e5 grund af dette er det en ideel spisestue sofa at placere mod v\u00e6ggen eller i en niche. Takket v\u00e6re det separate rygl\u00e6n og s\u00e6de er denne sofa ideel til en munter kombinationsbetr\u00e6k. Det bliver endnu hyggeligere, n\u00e5r du placerer et antal spisestuestole i matchende polstring overfor. Endelig er det ogs\u00e5 fantastisk.","protected":false},"featured_media":9306,"template":"","meta":{"_acf_changed":false},"product_brand":[],"product_cat":[78],"product_tag":[],"class_list":{"0":"post-8369","1":"product","2":"type-product","3":"status-publish","4":"has-post-thumbnail","6":"product_cat-eetkamer-banken","8":"first","9":"instock","10":"taxable","11":"shipping-taxable","12":"product-type-simple"},"exclude_global_add_ons":[],"addons":[],"acf":[],"yoast_head":null,"yoast_head_json":null,"_links":{"self":[{"href":"https:\/\/www.breesnewworld.nl\/da\/wp-json\/wp\/v2\/product\/8369","targetHints":{"allow":["GET"]}}],"collection":[{"href":"https:\/\/www.breesnewworld.nl\/da\/wp-json\/wp\/v2\/product"}],"about":[{"href":"https:\/\/www.breesnewworld.nl\/da\/wp-json\/wp\/v2\/types\/product"}],"wp:featuredmedia":[{"embeddable":true,"href":"https:\/\/www.breesnewworld.nl\/da\/wp-json\/wp\/v2\/media\/9306"}],"wp:attachment":[{"href":"https:\/\/www.breesnewworld.nl\/da\/wp-json\/wp\/v2\/media?parent=8369"}],"wp:term":[{"taxonomy":"product_brand","embeddable":true,"href":"https:\/\/www.breesnewworld.nl\/da\/wp-json\/wp\/v2\/product_brand?post=8369"},{"taxonomy":"product_cat","embeddable":true,"href":"https:\/\/www.breesnewworld.nl\/da\/wp-json\/wp\/v2\/product_cat?post=8369"},{"taxonomy":"product_tag","embeddable":true,"href":"https:\/\/www.breesnewworld.nl\/da\/wp-json\/wp\/v2\/product_tag?post=8369"}],"curies":[{"name":"wp","href":"https:\/\/api.w.org\/{rel}","templated":true}]}}