{"id":9365,"date":"2021-02-24T12:09:14","date_gmt":"2021-02-24T11:09:14","guid":{"rendered":"https:\/\/www.breesnewworld.nl\/?post_type=product&#038;p=9365"},"modified":"2025-10-17T16:09:39","modified_gmt":"2025-10-17T14:09:39","slug":"cloudy-eettafel","status":"publish","type":"product","link":"https:\/\/www.breesnewworld.nl\/da\/collectie\/eettafels\/cloudy-eettafel\/","title":{"rendered":"Overskyet - spisebord"},"content":{"rendered":"","protected":false},"excerpt":{"rendered":"Mens nogle af vores spiseborde bevidst har lige, forst\u00e5elige former, fordi det er det, de fleste af markedet eftersp\u00f8rger, er Cloudy spisebordet mere et for vovehalse. Hos Bree&#039;s New World \u00f8nsker vi altid at have nok modeller, der adskiller sig fra m\u00e6ngden, udstr\u00e5ler mod og er komplement\u00e6re til det, vi allerede laver. Efter vores mening opfylder Cloudy spisebordet bestemt disse krav. De tre minimalistiske bordben f\u00e5r den &#039;skyformede&#039; plade (deraf navnet &#039;Cloudy&#039;) s\u00e5 at sige til at sv\u00e6ve i stuen, hvilket holder dit interi\u00f8r og m\u00e5ske endda din bevidsthed p\u00e6n og &#039;luftig&#039;. Mens designeren Peter Schreuder hovedsageligt s\u00e5 en sky i form af bordpladen, er Cloudy p\u00e5 vores kontor blevet omd\u00f8bt til &#039;Barbapapa-bordet&#039;. Folk, der husker denne serie fra fortiden, er m\u00e5ske enige i den id\u00e9. Hvor et sofabord normalt f\u00f8jes til vores samling i efterligning af et spisebord, var det med Cloudy pr\u00e6cis omvendt. Det <a href=\"https:\/\/www.breesnewworld.nl\/da\/samling\/salontafels-en-bijzettafels\/uklar-hpl-plastik\/\">sofabord s\u00e6t<\/a> Cloudy har i nogen tid v\u00e6ret en del af Bree&#039;s New World-kollektionen og med ankomsten af spisebordet af samme navn tilbyder vi nu ogs\u00e5 folk med Cloudy-bordene muligheden for optimalt at forbinde spisepladsen med siddeomr\u00e5det, som minimum ... i tilf\u00e6lde af at de stadig leder efter skal erstattes af et nyt spisebord.\r\n\r\n&nbsp;\r\n\r\n&nbsp;","protected":false},"featured_media":9386,"template":"","meta":{"_acf_changed":false},"product_brand":[],"product_cat":[73],"product_tag":[],"class_list":{"0":"post-9365","1":"product","2":"type-product","3":"status-publish","4":"has-post-thumbnail","6":"product_cat-eettafels","8":"first","9":"instock","10":"taxable","11":"shipping-taxable","12":"product-type-simple"},"exclude_global_add_ons":[],"addons":[],"acf":[],"yoast_head":null,"yoast_head_json":null,"_links":{"self":[{"href":"https:\/\/www.breesnewworld.nl\/da\/wp-json\/wp\/v2\/product\/9365","targetHints":{"allow":["GET"]}}],"collection":[{"href":"https:\/\/www.breesnewworld.nl\/da\/wp-json\/wp\/v2\/product"}],"about":[{"href":"https:\/\/www.breesnewworld.nl\/da\/wp-json\/wp\/v2\/types\/product"}],"wp:featuredmedia":[{"embeddable":true,"href":"https:\/\/www.breesnewworld.nl\/da\/wp-json\/wp\/v2\/media\/9386"}],"wp:attachment":[{"href":"https:\/\/www.breesnewworld.nl\/da\/wp-json\/wp\/v2\/media?parent=9365"}],"wp:term":[{"taxonomy":"product_brand","embeddable":true,"href":"https:\/\/www.breesnewworld.nl\/da\/wp-json\/wp\/v2\/product_brand?post=9365"},{"taxonomy":"product_cat","embeddable":true,"href":"https:\/\/www.breesnewworld.nl\/da\/wp-json\/wp\/v2\/product_cat?post=9365"},{"taxonomy":"product_tag","embeddable":true,"href":"https:\/\/www.breesnewworld.nl\/da\/wp-json\/wp\/v2\/product_tag?post=9365"}],"curies":[{"name":"wp","href":"https:\/\/api.w.org\/{rel}","templated":true}]}}