{"id":9478,"date":"2021-05-20T12:05:04","date_gmt":"2021-05-20T10:05:04","guid":{"rendered":"https:\/\/www.breesnewworld.nl\/?post_type=product&#038;p=9478"},"modified":"2025-11-22T15:20:12","modified_gmt":"2025-11-22T14:20:12","slug":"kiq","status":"publish","type":"product","link":"https:\/\/www.breesnewworld.nl\/da\/samling\/eetkamerstoelen\/kiq\/","title":{"rendered":"Kiq Spisestol \u2013 Ben"},"content":{"rendered":"","protected":false},"excerpt":{"rendered":"Hemmeligheden bag (dreje)spisestolen Kiq ligger p\u00e5 indersiden. En velproportioneret skal af lamineret b\u00f8getr\u00e6 sikrer god siddekomfort uden behov for tykke lag skum. Dette holder stolen flot og slank. Den slanke base af st\u00f8bt aluminium f\u00e5r s\u00e6deskallen til at virke sv\u00e6vende, hvilket giver Kiq et luftigt udseende. Udover et luftigt og moderne look har denne drejestol naturligvis ogs\u00e5 et flot &#039;fast&#039; navn. Skallen p\u00e5 spisestolen Kiq kan f\u00e5s i stof eller l\u00e6der, men er is\u00e6r popul\u00e6r i en stof-l\u00e6der-kombination. Basen kan leveres b\u00e5de drejelig og fast og med eller uden hjul. Udover versionen uden arml\u00e6n f\u00e5s spisestolen Kiq ogs\u00e5. <a href=\"https:\/\/www.breesnewworld.nl\/da\/samling\/eetkamer-stoelen\/kiq-arm\/\">med arml\u00e6n<\/a>.","protected":false},"featured_media":9837,"template":"","meta":{"_acf_changed":false},"product_brand":[],"product_cat":[104,64],"product_tag":[],"class_list":{"0":"post-9478","1":"product","2":"type-product","3":"status-publish","4":"has-post-thumbnail","6":"product_cat-draaibare-eetkamerstoelen","7":"product_cat-eetkamerstoelen","9":"first","10":"instock","11":"taxable","12":"shipping-taxable","13":"product-type-simple"},"exclude_global_add_ons":[],"addons":[],"acf":[],"yoast_head":null,"yoast_head_json":null,"_links":{"self":[{"href":"https:\/\/www.breesnewworld.nl\/da\/wp-json\/wp\/v2\/product\/9478","targetHints":{"allow":["GET"]}}],"collection":[{"href":"https:\/\/www.breesnewworld.nl\/da\/wp-json\/wp\/v2\/product"}],"about":[{"href":"https:\/\/www.breesnewworld.nl\/da\/wp-json\/wp\/v2\/types\/product"}],"wp:featuredmedia":[{"embeddable":true,"href":"https:\/\/www.breesnewworld.nl\/da\/wp-json\/wp\/v2\/media\/9837"}],"wp:attachment":[{"href":"https:\/\/www.breesnewworld.nl\/da\/wp-json\/wp\/v2\/media?parent=9478"}],"wp:term":[{"taxonomy":"product_brand","embeddable":true,"href":"https:\/\/www.breesnewworld.nl\/da\/wp-json\/wp\/v2\/product_brand?post=9478"},{"taxonomy":"product_cat","embeddable":true,"href":"https:\/\/www.breesnewworld.nl\/da\/wp-json\/wp\/v2\/product_cat?post=9478"},{"taxonomy":"product_tag","embeddable":true,"href":"https:\/\/www.breesnewworld.nl\/da\/wp-json\/wp\/v2\/product_tag?post=9478"}],"curies":[{"name":"wp","href":"https:\/\/api.w.org\/{rel}","templated":true}]}}