{"id":9674,"date":"2021-09-02T11:32:18","date_gmt":"2021-09-02T09:32:18","guid":{"rendered":"https:\/\/www.breesnewworld.nl\/?post_type=product&#038;p=9674"},"modified":"2025-10-03T11:45:55","modified_gmt":"2025-10-03T09:45:55","slug":"ace-ii-f-barstol-lav","status":"publish","type":"product","link":"https:\/\/www.breesnewworld.nl\/da\/samling\/barkrukken\/ace-ii-f-barstol-lav\/","title":{"rendered":"Ace II-F barstol \u2013 medium"},"content":{"rendered":"","protected":false},"excerpt":{"rendered":"Barstol Ace II-F er en moderne barstol med et elegant, subtilt udseende. Det minimalistiske sl\u00e6destel holder denne barstol flot og luftig, men er ikke desto mindre meget stabil. Med et sort stel og et s\u00e6de i robust, slidt l\u00e6der ser denne barstol meget flot ud, hvis du vil give interi\u00f8ret i din pub eller stue et varmt, industrielt look. Som alle Bree&#039;s New World barstole f\u00e5s Ace II-F i to h\u00f8jder for at tilbyde forskellige anvendelsesmuligheder. Denne barstol kan bruges i k\u00f8kkenet p\u00e5 en koge\u00f8, men ogs\u00e5 ved et barbord eller en bar. Rammen f\u00e5s i rustfrit st\u00e5l eller sort epoxy. Udover denne lave barstol er der ogs\u00e5 den <a href=\"https:\/\/www.breesnewworld.nl\/da\/samling\/barkrukken\/aceiif-barstol-hoj\/\">h\u00f8j Ace-II-F<\/a> barstol, samt <a href=\"https:\/\/www.breesnewworld.nl\/da\/samling\/eetkamerstoelen\/spisestuestol-ace-ii-f\/\">spisestol<\/a> Ess II-F.","protected":false},"featured_media":9671,"template":"","meta":{"_acf_changed":false},"product_brand":[],"product_cat":[79],"product_tag":[],"class_list":{"0":"post-9674","1":"product","2":"type-product","3":"status-publish","4":"has-post-thumbnail","6":"product_cat-barkrukken","8":"first","9":"instock","10":"taxable","11":"shipping-taxable","12":"product-type-simple"},"exclude_global_add_ons":[],"addons":[],"acf":[],"yoast_head":null,"yoast_head_json":null,"_links":{"self":[{"href":"https:\/\/www.breesnewworld.nl\/da\/wp-json\/wp\/v2\/product\/9674","targetHints":{"allow":["GET"]}}],"collection":[{"href":"https:\/\/www.breesnewworld.nl\/da\/wp-json\/wp\/v2\/product"}],"about":[{"href":"https:\/\/www.breesnewworld.nl\/da\/wp-json\/wp\/v2\/types\/product"}],"wp:featuredmedia":[{"embeddable":true,"href":"https:\/\/www.breesnewworld.nl\/da\/wp-json\/wp\/v2\/media\/9671"}],"wp:attachment":[{"href":"https:\/\/www.breesnewworld.nl\/da\/wp-json\/wp\/v2\/media?parent=9674"}],"wp:term":[{"taxonomy":"product_brand","embeddable":true,"href":"https:\/\/www.breesnewworld.nl\/da\/wp-json\/wp\/v2\/product_brand?post=9674"},{"taxonomy":"product_cat","embeddable":true,"href":"https:\/\/www.breesnewworld.nl\/da\/wp-json\/wp\/v2\/product_cat?post=9674"},{"taxonomy":"product_tag","embeddable":true,"href":"https:\/\/www.breesnewworld.nl\/da\/wp-json\/wp\/v2\/product_tag?post=9674"}],"curies":[{"name":"wp","href":"https:\/\/api.w.org\/{rel}","templated":true}]}}