{"id":9757,"date":"2021-11-04T12:26:42","date_gmt":"2021-11-04T11:26:42","guid":{"rendered":"https:\/\/www.breesnewworld.nl\/?post_type=product&#038;p=9757"},"modified":"2025-10-10T15:04:44","modified_gmt":"2025-10-10T13:04:44","slug":"twinny-sofaborde-massivt-trae","status":"publish","type":"product","link":"https:\/\/www.breesnewworld.nl\/da\/samling\/salontafels-en-bijzettafels\/twinny-sofaborde-massivt-trae\/","title":{"rendered":"Twinny sofaborde \u2013 massivt tr\u00e6"},"content":{"rendered":"","protected":false},"excerpt":{"rendered":"Twinny-sofabordene fra Bree&#039;s New World, en legende &#039;sofabordstvillinger&#039;, der ubesv\u00e6ret finder vej ind i mange moderne stuer. Industriel og varm; retro og vintage; slank og moderne; landdistrikter og skandinaviske; den muntre Twinny f\u00f8ler sig hjemme i n\u00e6sten enhver stue. Det store udvalg af materialer, hvor Twinnys bordplader kan kombineres, giver dig som kunde masser af plads til optimalt at matche dem med resten af dit interi\u00f8r. De rummelige \u00e6gformede toppe giver mere end nok plads til en stor blomsterbuket eller sk\u00e5le med l\u00e6kre snacks. Den minimalistiske metaltr\u00e5dramme holder derimod det hele rummeligt. Sofabordene har Twinny, ligesom spisebordet\u00a0<a href=\"https:\/\/www.breesnewworld.nl\/da\/samling\/eettafels\/stal-aeg-formet-spisebord\/\">Steely<\/a>\u00a0en organisk, fuldst\u00e6ndig asymmetrisk top og kan derfor kombineres meget godt med dette designede spisebord. Twinny&#039;s f\u00e5s ikke kun som et s\u00e6t, men ogs\u00e5 som et separat sofabord. Efter introduktionen af kaffebordss\u00e6ttet i 2018 er &#039;The Twinny-familien&#039; nu udvidet betydeligt, b\u00e5de hvad ang\u00e5r materialer og bordtyper. Bree&#039;s New World-samling indeholder nu ogs\u00e5 et s\u00e6t\u00a0<a href=\"https:\/\/www.breesnewworld.nl\/da\/samling\/salontafels-en-bijzettafels\/twinny-sideborde\/\">sideborde<\/a>,\u00a0<a href=\"https:\/\/www.breesnewworld.nl\/da\/samling\/salontafels-en-bijzettafels\/twinny-sofabord\/\">b\u00e6nk bord<\/a>,\u00a0<a href=\"https:\/\/www.breesnewworld.nl\/da\/samling\/salontafels-en-bijzettafels\/twinny-top-sofabord\/\">XL sofabord<\/a>\u00a0med magasinstativ,\u00a0<a href=\"https:\/\/www.breesnewworld.nl\/da\/samling\/salontafels-en-bijzettafels\/twinny-skrivebord\/\">skrivebord bord<\/a>\u00a0og et mindre, h\u00f8jere sofabord Twinny (<a href=\"https:\/\/www.breesnewworld.nl\/da\/salontafels-en-bijzettafels\/\">Twinny Top<\/a>). Designer: Peter Schreuder Goedheijt.","protected":false},"featured_media":9769,"template":"","meta":{"_acf_changed":false},"product_brand":[],"product_cat":[77,105],"product_tag":[],"class_list":{"0":"post-9757","1":"product","2":"type-product","3":"status-publish","4":"has-post-thumbnail","6":"product_cat-salontafels-en-bijzettafels","7":"product_cat-tafel-bij-bank","9":"first","10":"instock","11":"taxable","12":"shipping-taxable","13":"product-type-simple"},"exclude_global_add_ons":[],"addons":[],"acf":[],"yoast_head":null,"yoast_head_json":null,"_links":{"self":[{"href":"https:\/\/www.breesnewworld.nl\/da\/wp-json\/wp\/v2\/product\/9757","targetHints":{"allow":["GET"]}}],"collection":[{"href":"https:\/\/www.breesnewworld.nl\/da\/wp-json\/wp\/v2\/product"}],"about":[{"href":"https:\/\/www.breesnewworld.nl\/da\/wp-json\/wp\/v2\/types\/product"}],"wp:featuredmedia":[{"embeddable":true,"href":"https:\/\/www.breesnewworld.nl\/da\/wp-json\/wp\/v2\/media\/9769"}],"wp:attachment":[{"href":"https:\/\/www.breesnewworld.nl\/da\/wp-json\/wp\/v2\/media?parent=9757"}],"wp:term":[{"taxonomy":"product_brand","embeddable":true,"href":"https:\/\/www.breesnewworld.nl\/da\/wp-json\/wp\/v2\/product_brand?post=9757"},{"taxonomy":"product_cat","embeddable":true,"href":"https:\/\/www.breesnewworld.nl\/da\/wp-json\/wp\/v2\/product_cat?post=9757"},{"taxonomy":"product_tag","embeddable":true,"href":"https:\/\/www.breesnewworld.nl\/da\/wp-json\/wp\/v2\/product_tag?post=9757"}],"curies":[{"name":"wp","href":"https:\/\/api.w.org\/{rel}","templated":true}]}}