{"id":9831,"date":"2021-12-06T14:23:27","date_gmt":"2021-12-06T13:23:27","guid":{"rendered":"https:\/\/www.breesnewworld.nl\/?post_type=product&#038;p=9831"},"modified":"2025-10-03T11:39:20","modified_gmt":"2025-10-03T09:39:20","slug":"ultimo-spisestue-sofa","status":"publish","type":"product","link":"https:\/\/www.breesnewworld.nl\/da\/samling\/eetkamer-banken\/ultimo-spisestue-sofa\/","title":{"rendered":"Ultimo \u2013 spisestue sofa"},"content":{"rendered":"","protected":false},"excerpt":{"rendered":"Hvis du leder efter en moderne spisestue med sofa og stole, hvor du kan spise komfortabelt i lang tid, og hvis spisestue sofa og stole stadig har et luftigt, minimalistisk udtryk, s\u00e5 tag et kig p\u00e5 vores Ultimo spisestue sofa og spisestuestole . Ultimo f\u00e5s i mange bredder og kan derfor ogs\u00e5 kombineres med forskellige spisebordsl\u00e6ngder. Mod v\u00e6gen; i en niche; bare i fri plads; denne smarte spisestuesofa kan placeres hvor som helst i spiseomr\u00e5det. Spisestuestolene af samme navn <a href=\"https:\/\/www.breesnewworld.nl\/da\/samling\/eetkamerstoelen\/spisestue-stol-ende\/\">ultimo<\/a> og <a href=\"https:\/\/www.breesnewworld.nl\/da\/samling\/eetkamerstoelen\/spisestuestol-ultimo-arm\/\">End of Arm<\/a> kan perfekt kombineres med det.","protected":false},"featured_media":9832,"template":"","meta":{"_acf_changed":false},"product_brand":[],"product_cat":[78],"product_tag":[],"class_list":{"0":"post-9831","1":"product","2":"type-product","3":"status-publish","4":"has-post-thumbnail","6":"product_cat-eetkamer-banken","8":"first","9":"instock","10":"taxable","11":"shipping-taxable","12":"product-type-simple"},"exclude_global_add_ons":[],"addons":[],"acf":[],"yoast_head":null,"yoast_head_json":null,"_links":{"self":[{"href":"https:\/\/www.breesnewworld.nl\/da\/wp-json\/wp\/v2\/product\/9831","targetHints":{"allow":["GET"]}}],"collection":[{"href":"https:\/\/www.breesnewworld.nl\/da\/wp-json\/wp\/v2\/product"}],"about":[{"href":"https:\/\/www.breesnewworld.nl\/da\/wp-json\/wp\/v2\/types\/product"}],"wp:featuredmedia":[{"embeddable":true,"href":"https:\/\/www.breesnewworld.nl\/da\/wp-json\/wp\/v2\/media\/9832"}],"wp:attachment":[{"href":"https:\/\/www.breesnewworld.nl\/da\/wp-json\/wp\/v2\/media?parent=9831"}],"wp:term":[{"taxonomy":"product_brand","embeddable":true,"href":"https:\/\/www.breesnewworld.nl\/da\/wp-json\/wp\/v2\/product_brand?post=9831"},{"taxonomy":"product_cat","embeddable":true,"href":"https:\/\/www.breesnewworld.nl\/da\/wp-json\/wp\/v2\/product_cat?post=9831"},{"taxonomy":"product_tag","embeddable":true,"href":"https:\/\/www.breesnewworld.nl\/da\/wp-json\/wp\/v2\/product_tag?post=9831"}],"curies":[{"name":"wp","href":"https:\/\/api.w.org\/{rel}","templated":true}]}}