{"id":9849,"date":"2021-12-06T15:31:33","date_gmt":"2021-12-06T14:31:33","guid":{"rendered":"https:\/\/www.breesnewworld.nl\/?post_type=product&#038;p=9849"},"modified":"2025-10-03T11:35:06","modified_gmt":"2025-10-03T09:35:06","slug":"spisestue-stol-ende","status":"publish","type":"product","link":"https:\/\/www.breesnewworld.nl\/da\/samling\/eetkamerstoelen\/spisestue-stol-ende\/","title":{"rendered":"Spisestuestol Ultimo"},"content":{"rendered":"","protected":false},"excerpt":{"rendered":"Hvis du leder efter en moderne spisestue med sofa og stole, hvor du kan spise komfortabelt i lang tid, og hvis spisestue sofa og stole stadig har et luftigt, minimalistisk udtryk, s\u00e5 tag et kig p\u00e5 vores Ultimo spisestuestole og <a href=\"https:\/\/www.breesnewworld.nl\/da\/samling\/eetkamer-banken\/ultimo-spisestue-sofa\/\">spiseb\u00e6nk<\/a>. Med et Ultimo spisestues\u00e6t g\u00e5r du efter en smart spisestue med et luksuri\u00f8st udseende. Spisestuestolen Ultimo f\u00e5s ogs\u00e5 med arml\u00e6n som <a href=\"https:\/\/www.breesnewworld.nl\/da\/samling\/eetkamerstoelen\/spisestuestol-ultimo-arm\/\">End of Arm<\/a>.","protected":false},"featured_media":9845,"template":"","meta":{"_acf_changed":false},"product_brand":[],"product_cat":[64],"product_tag":[],"class_list":{"0":"post-9849","1":"product","2":"type-product","3":"status-publish","4":"has-post-thumbnail","6":"product_cat-eetkamerstoelen","8":"first","9":"instock","10":"taxable","11":"shipping-taxable","12":"product-type-simple"},"exclude_global_add_ons":[],"addons":[],"acf":[],"yoast_head":null,"yoast_head_json":null,"_links":{"self":[{"href":"https:\/\/www.breesnewworld.nl\/da\/wp-json\/wp\/v2\/product\/9849","targetHints":{"allow":["GET"]}}],"collection":[{"href":"https:\/\/www.breesnewworld.nl\/da\/wp-json\/wp\/v2\/product"}],"about":[{"href":"https:\/\/www.breesnewworld.nl\/da\/wp-json\/wp\/v2\/types\/product"}],"wp:featuredmedia":[{"embeddable":true,"href":"https:\/\/www.breesnewworld.nl\/da\/wp-json\/wp\/v2\/media\/9845"}],"wp:attachment":[{"href":"https:\/\/www.breesnewworld.nl\/da\/wp-json\/wp\/v2\/media?parent=9849"}],"wp:term":[{"taxonomy":"product_brand","embeddable":true,"href":"https:\/\/www.breesnewworld.nl\/da\/wp-json\/wp\/v2\/product_brand?post=9849"},{"taxonomy":"product_cat","embeddable":true,"href":"https:\/\/www.breesnewworld.nl\/da\/wp-json\/wp\/v2\/product_cat?post=9849"},{"taxonomy":"product_tag","embeddable":true,"href":"https:\/\/www.breesnewworld.nl\/da\/wp-json\/wp\/v2\/product_tag?post=9849"}],"curies":[{"name":"wp","href":"https:\/\/api.w.org\/{rel}","templated":true}]}}