{"id":9851,"date":"2021-12-06T16:24:12","date_gmt":"2021-12-06T15:24:12","guid":{"rendered":"https:\/\/www.breesnewworld.nl\/?post_type=product&#038;p=9851"},"modified":"2025-09-25T22:01:17","modified_gmt":"2025-09-25T20:01:17","slug":"spisestuestol-kiq-armslaede","status":"publish","type":"product","link":"https:\/\/www.breesnewworld.nl\/da\/samling\/eetkamerstoelen\/spisestuestol-kiq-armslaede\/","title":{"rendered":"Spisestuestol Kiq Arm \u2013 sl\u00e6de"},"content":{"rendered":"","protected":false},"excerpt":{"rendered":"Hemmeligheden bag Kiq (dreje-) spisestuestolen ligger indeni. En velproportioneret skal af lamineret b\u00f8getr\u00e6 giver enest\u00e5ende siddekomfort uden behov for tykke lag skum. Dette bevarer stolens elegante udseende. Den slanke mederamme p\u00e5 denne elegante spisestuestol lader s\u00e6deskallen sv\u00e6ve, hvilket giver Kiq en luftig fornemmelse. Udover sit luftige og moderne udseende har denne moderne spisestuestol naturligvis ogs\u00e5 et dejligt &quot;hurtigt&quot; ry. Skallen p\u00e5 Kiq spisestuestolen kan betr\u00e6kkes med stof eller l\u00e6der, men er is\u00e6r popul\u00e6r i en stof-l\u00e6der-kombination. Mederammeversionen f\u00e5s ogs\u00e5 uden arml\u00e6n, hvis... <a href=\"https:\/\/www.breesnewworld.nl\/da\/samling\/eetkamerstoelen\/spisestuestol-kiq-slaede\/\">Kiq sl\u00e6de<\/a>. Derudover f\u00e5s dette b\u00f8ttes\u00e6de ogs\u00e5 p\u00e5 en <a href=\"https:\/\/www.breesnewworld.nl\/da\/samling\/eetkamerstoelen\/kiq-arm\/\">drejeramme<\/a> f\u00e5s, ogs\u00e5 med og uden arml\u00e6n.","protected":false},"featured_media":9841,"template":"","meta":{"_acf_changed":false},"product_brand":[],"product_cat":[64],"product_tag":[],"class_list":{"0":"post-9851","1":"product","2":"type-product","3":"status-publish","4":"has-post-thumbnail","6":"product_cat-eetkamerstoelen","8":"first","9":"instock","10":"taxable","11":"shipping-taxable","12":"product-type-simple"},"exclude_global_add_ons":[],"addons":[],"acf":[],"yoast_head":null,"yoast_head_json":null,"_links":{"self":[{"href":"https:\/\/www.breesnewworld.nl\/da\/wp-json\/wp\/v2\/product\/9851","targetHints":{"allow":["GET"]}}],"collection":[{"href":"https:\/\/www.breesnewworld.nl\/da\/wp-json\/wp\/v2\/product"}],"about":[{"href":"https:\/\/www.breesnewworld.nl\/da\/wp-json\/wp\/v2\/types\/product"}],"wp:featuredmedia":[{"embeddable":true,"href":"https:\/\/www.breesnewworld.nl\/da\/wp-json\/wp\/v2\/media\/9841"}],"wp:attachment":[{"href":"https:\/\/www.breesnewworld.nl\/da\/wp-json\/wp\/v2\/media?parent=9851"}],"wp:term":[{"taxonomy":"product_brand","embeddable":true,"href":"https:\/\/www.breesnewworld.nl\/da\/wp-json\/wp\/v2\/product_brand?post=9851"},{"taxonomy":"product_cat","embeddable":true,"href":"https:\/\/www.breesnewworld.nl\/da\/wp-json\/wp\/v2\/product_cat?post=9851"},{"taxonomy":"product_tag","embeddable":true,"href":"https:\/\/www.breesnewworld.nl\/da\/wp-json\/wp\/v2\/product_tag?post=9851"}],"curies":[{"name":"wp","href":"https:\/\/api.w.org\/{rel}","templated":true}]}}