{"id":9852,"date":"2021-12-06T16:50:43","date_gmt":"2021-12-06T15:50:43","guid":{"rendered":"https:\/\/www.breesnewworld.nl\/?post_type=product&#038;p=9852"},"modified":"2025-09-25T21:59:56","modified_gmt":"2025-09-25T19:59:56","slug":"spisestuestol-kiq-slaede","status":"publish","type":"product","link":"https:\/\/www.breesnewworld.nl\/da\/samling\/eetkamerstoelen\/spisestuestol-kiq-slaede\/","title":{"rendered":"Spisestuestol Kiq \u2013 sl\u00e6de"},"content":{"rendered":"","protected":false},"excerpt":{"rendered":"Hemmeligheden bag (dreje)spisestolen Kiq ligger p\u00e5 indersiden. En velproportioneret skal af lamineret b\u00f8getr\u00e6 sikrer god siddekomfort uden behov for tykke lag skum. Dette holder stolen flot og slank. Den slanke mederamme p\u00e5 denne elegante spisestol f\u00e5r s\u00e6deskallen til at se sv\u00e6vende ud, hvilket giver Kiq et luftigt udseende. Udover et luftigt og moderne look har denne moderne spisestol naturligvis ogs\u00e5 et flot &#039;fast&#039; navn. Skallen p\u00e5 spisestolen Kiq kan f\u00e5s i stof eller l\u00e6der, men er is\u00e6r popul\u00e6r i en stof-l\u00e6der-kombination. Mederammeversionen f\u00e5s ogs\u00e5 med arml\u00e6n, hvis... <a href=\"https:\/\/www.breesnewworld.nl\/da\/samling\/eetkamerstoelen\/spisestuestol-kiq-armslaede\/\">Kiq Arm vogn<\/a>. Derudover f\u00e5s dette b\u00f8ttes\u00e6de ogs\u00e5 p\u00e5 en <a href=\"https:\/\/www.breesnewworld.nl\/da\/samling\/eetkamerstoelen\/kiq\/\">drejeramme<\/a> f\u00e5s, ogs\u00e5 med eller uden arml\u00e6n.","protected":false},"featured_media":9836,"template":"","meta":{"_acf_changed":false},"product_brand":[],"product_cat":[64],"product_tag":[],"class_list":{"0":"post-9852","1":"product","2":"type-product","3":"status-publish","4":"has-post-thumbnail","6":"product_cat-eetkamerstoelen","8":"first","9":"instock","10":"taxable","11":"shipping-taxable","12":"product-type-simple"},"exclude_global_add_ons":[],"addons":[],"acf":[],"yoast_head":null,"yoast_head_json":null,"_links":{"self":[{"href":"https:\/\/www.breesnewworld.nl\/da\/wp-json\/wp\/v2\/product\/9852","targetHints":{"allow":["GET"]}}],"collection":[{"href":"https:\/\/www.breesnewworld.nl\/da\/wp-json\/wp\/v2\/product"}],"about":[{"href":"https:\/\/www.breesnewworld.nl\/da\/wp-json\/wp\/v2\/types\/product"}],"wp:featuredmedia":[{"embeddable":true,"href":"https:\/\/www.breesnewworld.nl\/da\/wp-json\/wp\/v2\/media\/9836"}],"wp:attachment":[{"href":"https:\/\/www.breesnewworld.nl\/da\/wp-json\/wp\/v2\/media?parent=9852"}],"wp:term":[{"taxonomy":"product_brand","embeddable":true,"href":"https:\/\/www.breesnewworld.nl\/da\/wp-json\/wp\/v2\/product_brand?post=9852"},{"taxonomy":"product_cat","embeddable":true,"href":"https:\/\/www.breesnewworld.nl\/da\/wp-json\/wp\/v2\/product_cat?post=9852"},{"taxonomy":"product_tag","embeddable":true,"href":"https:\/\/www.breesnewworld.nl\/da\/wp-json\/wp\/v2\/product_tag?post=9852"}],"curies":[{"name":"wp","href":"https:\/\/api.w.org\/{rel}","templated":true}]}}