{"id":9896,"date":"2021-12-09T09:14:59","date_gmt":"2021-12-09T08:14:59","guid":{"rendered":"https:\/\/www.breesnewworld.nl\/?post_type=product&#038;p=9896"},"modified":"2025-10-10T11:37:24","modified_gmt":"2025-10-10T09:37:24","slug":"twinny-spise-spisebord","status":"publish","type":"product","link":"https:\/\/www.breesnewworld.nl\/da\/collectie\/eettafels\/twinny-dining-eettafel\/","title":{"rendered":"Twinny Dining \u2013 spisebord"},"content":{"rendered":"","protected":false},"excerpt":{"rendered":"Efter succesen med Twinny sofaborde og sideborde, modtog vi flere og flere \u00f8nsker om et Twinny spisebord. Med ankomsten af Twinny Dining spisebordet er dette \u00f8nske blevet opfyldt, og Twinny-familien er nu for alvor komplet ... men hvem ved, at designeren Peter Schreuder vil komme med flere Twinny-varianter i fremtiden. Twinny Dining spisebordet er mere eller mindre den st\u00f8rre udgave af Twinny XL sofabordet og f\u00e5s i samme materialer som sofabordene og sidebordene. Den \u00f8kologiske top er underst\u00f8ttet af tre luftige, sorte metalben, der valgfrit kan indl\u00e6gges med HPL eller FenixNTM. Det er ogs\u00e5 standardbenene p\u00e5 spisebordet <a href=\"https:\/\/www.breesnewworld.nl\/da\/samling\/eettafels\/cloudy-eettafel\/\">overskyet<\/a> g\u00e6lder ogs\u00e5 under Twinny Dining.\r\n\r\n&nbsp;","protected":false},"featured_media":10392,"template":"","meta":{"_acf_changed":false},"product_brand":[],"product_cat":[73],"product_tag":[],"class_list":{"0":"post-9896","1":"product","2":"type-product","3":"status-publish","4":"has-post-thumbnail","6":"product_cat-eettafels","8":"first","9":"instock","10":"taxable","11":"shipping-taxable","12":"product-type-simple"},"exclude_global_add_ons":[],"addons":[],"acf":[],"yoast_head":null,"yoast_head_json":null,"_links":{"self":[{"href":"https:\/\/www.breesnewworld.nl\/da\/wp-json\/wp\/v2\/product\/9896","targetHints":{"allow":["GET"]}}],"collection":[{"href":"https:\/\/www.breesnewworld.nl\/da\/wp-json\/wp\/v2\/product"}],"about":[{"href":"https:\/\/www.breesnewworld.nl\/da\/wp-json\/wp\/v2\/types\/product"}],"wp:featuredmedia":[{"embeddable":true,"href":"https:\/\/www.breesnewworld.nl\/da\/wp-json\/wp\/v2\/media\/10392"}],"wp:attachment":[{"href":"https:\/\/www.breesnewworld.nl\/da\/wp-json\/wp\/v2\/media?parent=9896"}],"wp:term":[{"taxonomy":"product_brand","embeddable":true,"href":"https:\/\/www.breesnewworld.nl\/da\/wp-json\/wp\/v2\/product_brand?post=9896"},{"taxonomy":"product_cat","embeddable":true,"href":"https:\/\/www.breesnewworld.nl\/da\/wp-json\/wp\/v2\/product_cat?post=9896"},{"taxonomy":"product_tag","embeddable":true,"href":"https:\/\/www.breesnewworld.nl\/da\/wp-json\/wp\/v2\/product_tag?post=9896"}],"curies":[{"name":"wp","href":"https:\/\/api.w.org\/{rel}","templated":true}]}}